{"id":62857,"date":"2025-06-23T16:33:45","date_gmt":"2025-06-23T16:33:45","guid":{"rendered":"https:\/\/tecnicalivraria.com\/loja\/uncategorized\/glenn-murcutt-unbuil-works-2\/"},"modified":"2025-12-04T21:48:39","modified_gmt":"2025-12-04T21:48:39","slug":"glenn-murcutt-unbuil-works-2","status":"publish","type":"product","link":"https:\/\/tecnicalivraria.com\/en\/loja\/new-arrivals\/glenn-murcutt-unbuil-works-2\/","title":{"rendered":"GLENN MURCUTT UNBUIL WORKS"},"content":{"rendered":"","protected":false},"excerpt":{"rendered":"<div>\n<p><span>T\u00cdTULO GLENN MURCUTT UNBUIL WORKS AUTOR: V\u00c1RIOS EDITORA: THAMES E HUDSON PRE\u00c7O: 78.44\u20ac NOSSO PRE\u00c7O: 70.59\u20ac<\/span><\/p>\n<\/div>\n","protected":false},"featured_media":33261,"comment_status":"open","ping_status":"closed","template":"","meta":{"_acf_changed":false},"product_brand":[],"product_cat":[14758],"product_tag":[],"class_list":{"0":"post-62857","1":"product","2":"type-product","3":"status-publish","4":"has-post-thumbnail","6":"product_cat-new-arrivals","8":"first","9":"instock","10":"sale","11":"taxable","12":"shipping-taxable","13":"purchasable","14":"product-type-simple"},"acf":[],"_links":{"self":[{"href":"https:\/\/tecnicalivraria.com\/en\/wp-json\/wp\/v2\/product\/62857","targetHints":{"allow":["GET"]}}],"collection":[{"href":"https:\/\/tecnicalivraria.com\/en\/wp-json\/wp\/v2\/product"}],"about":[{"href":"https:\/\/tecnicalivraria.com\/en\/wp-json\/wp\/v2\/types\/product"}],"replies":[{"embeddable":true,"href":"https:\/\/tecnicalivraria.com\/en\/wp-json\/wp\/v2\/comments?post=62857"}],"wp:featuredmedia":[{"embeddable":true,"href":"https:\/\/tecnicalivraria.com\/en\/wp-json\/wp\/v2\/media\/33261"}],"wp:attachment":[{"href":"https:\/\/tecnicalivraria.com\/en\/wp-json\/wp\/v2\/media?parent=62857"}],"wp:term":[{"taxonomy":"product_brand","embeddable":true,"href":"https:\/\/tecnicalivraria.com\/en\/wp-json\/wp\/v2\/product_brand?post=62857"},{"taxonomy":"product_cat","embeddable":true,"href":"https:\/\/tecnicalivraria.com\/en\/wp-json\/wp\/v2\/product_cat?post=62857"},{"taxonomy":"product_tag","embeddable":true,"href":"https:\/\/tecnicalivraria.com\/en\/wp-json\/wp\/v2\/product_tag?post=62857"}],"curies":[{"name":"wp","href":"https:\/\/api.w.org\/{rel}","templated":true}]}}