{"id":62863,"date":"2025-06-23T16:33:39","date_gmt":"2025-06-23T16:33:39","guid":{"rendered":"https:\/\/tecnicalivraria.com\/loja\/uncategorized\/alvaro-siza-design-process-quinta-do-bom-sucesso-housing-project-2\/"},"modified":"2026-01-21T17:49:16","modified_gmt":"2026-01-21T17:49:16","slug":"alvaro-siza-design-process-quinta-do-bom-sucesso-housing-project-2","status":"publish","type":"product","link":"https:\/\/tecnicalivraria.com\/en\/loja\/architecture\/alvaro-siza-design-process-quinta-do-bom-sucesso-housing-project-2\/","title":{"rendered":"\u00c1LVARO SIZA &#8211;   DESIGN PROCESS   &#8211; QUINTA DO BOM SUCESSO  &#8211;  HOUSING PROJECT"},"content":{"rendered":"","protected":false},"excerpt":{"rendered":"<div>\n<p>VEJA O V\u00cdDEO COM A CR\u00cdTICA E O LIVRO POR DENTRO (veja todos os v\u00eddeos no nosso canal no Youtube e subscreva)<\/p>\n<p><a href=\"http:\/\/youtu.be\/xSW88a0SMnQ\" target=\"_blank\" rel=\"noopener\">http:\/\/youtu.be\/xSW88a0SMnQ<\/a><\/p>\n<p><strong>\u00c1LVARO SIZA &#8211; DESIGN PROCESS &#8211; QUINTA DO BOM SUCESSO &#8211; HOUSING PROJECT \u00a0 \u00a0\u00a0 AUTOR: REN ITO\u00a0\u00a0\u00a0\u00a0 EDITOR: IST PRESS\u00a0 \u00a0\u00a0<\/strong><\/p>\n<div><\/div>\n<p>&nbsp;<\/p>\n<\/div>\n","protected":false},"featured_media":29557,"comment_status":"open","ping_status":"closed","template":"","meta":{"_acf_changed":false},"product_brand":[],"product_cat":[14749],"product_tag":[],"class_list":{"0":"post-62863","1":"product","2":"type-product","3":"status-publish","4":"has-post-thumbnail","6":"product_cat-architecture","8":"first","9":"instock","10":"taxable","11":"shipping-taxable","12":"purchasable","13":"product-type-simple"},"acf":[],"_links":{"self":[{"href":"https:\/\/tecnicalivraria.com\/en\/wp-json\/wp\/v2\/product\/62863","targetHints":{"allow":["GET"]}}],"collection":[{"href":"https:\/\/tecnicalivraria.com\/en\/wp-json\/wp\/v2\/product"}],"about":[{"href":"https:\/\/tecnicalivraria.com\/en\/wp-json\/wp\/v2\/types\/product"}],"replies":[{"embeddable":true,"href":"https:\/\/tecnicalivraria.com\/en\/wp-json\/wp\/v2\/comments?post=62863"}],"wp:featuredmedia":[{"embeddable":true,"href":"https:\/\/tecnicalivraria.com\/en\/wp-json\/wp\/v2\/media\/29557"}],"wp:attachment":[{"href":"https:\/\/tecnicalivraria.com\/en\/wp-json\/wp\/v2\/media?parent=62863"}],"wp:term":[{"taxonomy":"product_brand","embeddable":true,"href":"https:\/\/tecnicalivraria.com\/en\/wp-json\/wp\/v2\/product_brand?post=62863"},{"taxonomy":"product_cat","embeddable":true,"href":"https:\/\/tecnicalivraria.com\/en\/wp-json\/wp\/v2\/product_cat?post=62863"},{"taxonomy":"product_tag","embeddable":true,"href":"https:\/\/tecnicalivraria.com\/en\/wp-json\/wp\/v2\/product_tag?post=62863"}],"curies":[{"name":"wp","href":"https:\/\/api.w.org\/{rel}","templated":true}]}}