{"id":62875,"date":"2025-06-23T16:33:24","date_gmt":"2025-06-23T16:33:24","guid":{"rendered":"https:\/\/tecnicalivraria.com\/loja\/uncategorized\/a-house-to-live-with-2\/"},"modified":"2026-01-21T17:37:15","modified_gmt":"2026-01-21T17:37:15","slug":"a-house-to-live-with-2","status":"publish","type":"product","link":"https:\/\/tecnicalivraria.com\/en\/loja\/new-arrivals\/a-house-to-live-with-2\/","title":{"rendered":"A HOUSE TO LIVE WITH"},"content":{"rendered":"","protected":false},"excerpt":{"rendered":"<div>\n<p><span>T\u00cdTULO: A HOUSE TO LIVE WITH AUTOR: V\u00c1RIOS EDITORA: PARK BOOKS PRE\u00c7O: 69.30\u20ac NOSSO PRE\u00c7O: 62.37\u20ac<\/span><\/p>\n<\/div>\n","protected":false},"featured_media":33980,"comment_status":"open","ping_status":"closed","template":"","meta":{"_acf_changed":false},"product_brand":[],"product_cat":[14758],"product_tag":[],"class_list":{"0":"post-62875","1":"product","2":"type-product","3":"status-publish","4":"has-post-thumbnail","6":"product_cat-new-arrivals","8":"first","9":"instock","10":"sale","11":"taxable","12":"shipping-taxable","13":"purchasable","14":"product-type-simple"},"acf":[],"_links":{"self":[{"href":"https:\/\/tecnicalivraria.com\/en\/wp-json\/wp\/v2\/product\/62875","targetHints":{"allow":["GET"]}}],"collection":[{"href":"https:\/\/tecnicalivraria.com\/en\/wp-json\/wp\/v2\/product"}],"about":[{"href":"https:\/\/tecnicalivraria.com\/en\/wp-json\/wp\/v2\/types\/product"}],"replies":[{"embeddable":true,"href":"https:\/\/tecnicalivraria.com\/en\/wp-json\/wp\/v2\/comments?post=62875"}],"wp:featuredmedia":[{"embeddable":true,"href":"https:\/\/tecnicalivraria.com\/en\/wp-json\/wp\/v2\/media\/33980"}],"wp:attachment":[{"href":"https:\/\/tecnicalivraria.com\/en\/wp-json\/wp\/v2\/media?parent=62875"}],"wp:term":[{"taxonomy":"product_brand","embeddable":true,"href":"https:\/\/tecnicalivraria.com\/en\/wp-json\/wp\/v2\/product_brand?post=62875"},{"taxonomy":"product_cat","embeddable":true,"href":"https:\/\/tecnicalivraria.com\/en\/wp-json\/wp\/v2\/product_cat?post=62875"},{"taxonomy":"product_tag","embeddable":true,"href":"https:\/\/tecnicalivraria.com\/en\/wp-json\/wp\/v2\/product_tag?post=62875"}],"curies":[{"name":"wp","href":"https:\/\/api.w.org\/{rel}","templated":true}]}}