{"id":62994,"date":"2025-05-07T17:32:33","date_gmt":"2025-05-07T17:32:33","guid":{"rendered":"https:\/\/tecnicalivraria.com\/loja\/uncategorized\/the-japanese-house-since-1945\/"},"modified":"2026-01-21T18:08:47","modified_gmt":"2026-01-21T18:08:47","slug":"the-japanese-house-since-1945","status":"publish","type":"product","link":"https:\/\/tecnicalivraria.com\/en\/loja\/architecture\/the-japanese-house-since-1945\/","title":{"rendered":"THE JAPANESE HOUSE SINCE 1945"},"content":{"rendered":"","protected":false},"excerpt":{"rendered":"<div>\n<p><span>THE JAPANESE HOUSE SINCE 1945 \u00a0\u00a0\u00a0\u00a0\u00a0 <\/p>\n<p>AUTOR:\u00a0 V\u00c1RIOS \u00a0 <br \/>EDITORA:\u00a0 THAMES\u00a0&amp; HUDSON \u00a0\u00a0 \u00a0\u00a0 <\/span><\/p>\n<p><span><span><\/p>\n<div>\n<h3>O c\u00f3digo do produto (%s) n\u00e3o est\u00e1 dispon\u00edvel.<\/h3>\n<\/div>\n<p><\/span><\/span><\/p>\n<\/div>\n","protected":false},"featured_media":34292,"comment_status":"open","ping_status":"closed","template":"","meta":{"_acf_changed":false},"product_brand":[],"product_cat":[14749],"product_tag":[],"class_list":{"0":"post-62994","1":"product","2":"type-product","3":"status-publish","4":"has-post-thumbnail","6":"product_cat-architecture","8":"first","9":"instock","10":"sale","11":"taxable","12":"shipping-taxable","13":"purchasable","14":"product-type-simple"},"acf":[],"_links":{"self":[{"href":"https:\/\/tecnicalivraria.com\/en\/wp-json\/wp\/v2\/product\/62994","targetHints":{"allow":["GET"]}}],"collection":[{"href":"https:\/\/tecnicalivraria.com\/en\/wp-json\/wp\/v2\/product"}],"about":[{"href":"https:\/\/tecnicalivraria.com\/en\/wp-json\/wp\/v2\/types\/product"}],"replies":[{"embeddable":true,"href":"https:\/\/tecnicalivraria.com\/en\/wp-json\/wp\/v2\/comments?post=62994"}],"wp:featuredmedia":[{"embeddable":true,"href":"https:\/\/tecnicalivraria.com\/en\/wp-json\/wp\/v2\/media\/34292"}],"wp:attachment":[{"href":"https:\/\/tecnicalivraria.com\/en\/wp-json\/wp\/v2\/media?parent=62994"}],"wp:term":[{"taxonomy":"product_brand","embeddable":true,"href":"https:\/\/tecnicalivraria.com\/en\/wp-json\/wp\/v2\/product_brand?post=62994"},{"taxonomy":"product_cat","embeddable":true,"href":"https:\/\/tecnicalivraria.com\/en\/wp-json\/wp\/v2\/product_cat?post=62994"},{"taxonomy":"product_tag","embeddable":true,"href":"https:\/\/tecnicalivraria.com\/en\/wp-json\/wp\/v2\/product_tag?post=62994"}],"curies":[{"name":"wp","href":"https:\/\/api.w.org\/{rel}","templated":true}]}}