{"id":63031,"date":"2025-05-07T17:32:03","date_gmt":"2025-05-07T17:32:03","guid":{"rendered":"https:\/\/tecnicalivraria.com\/loja\/uncategorized\/yes-is-more-atelier-big-um-arqui-comic-sobre-a-evolucao-arquitectonica\/"},"modified":"2025-05-07T17:32:03","modified_gmt":"2025-05-07T17:32:03","slug":"yes-is-more-atelier-big-um-arqui-comic-sobre-a-evolucao-arquitectonica","status":"publish","type":"product","link":"https:\/\/tecnicalivraria.com\/en\/loja\/architecture\/yes-is-more-atelier-big-um-arqui-comic-sobre-a-evolucao-arquitectonica\/","title":{"rendered":"YES IS MORE ( ATELIER BIG) &#8211; UM ARQUI-COMIC SOBRE A EVOLU\u00c7\u00c3O ARQUITECT\u00d3NICA"},"content":{"rendered":"","protected":false},"excerpt":{"rendered":"<div>\n<p><strong><span><span>YES IS MORE  ( ATELIER  BIG)  &#8211;  UM ARQUI-COMIC SOBRE A EVOLU\u00c7\u00c3O ARQUITECT\u00d3NICA    &#8211;  <\/p>\n<p>AUTOR: BJARKE INGELS GROUP  (BIG)    <br \/>EDITORA:  TASCHEN    PRE\u00c7O <br \/>EDITOR: 20\u20ac     NOSSO PRE\u00c7O:  18\u20ac<\/span><\/span><\/strong><\/p>\n<\/div>\n","protected":false},"featured_media":25438,"comment_status":"open","ping_status":"closed","template":"","meta":{"_acf_changed":false},"product_brand":[],"product_cat":[14749],"product_tag":[],"class_list":{"0":"post-63031","1":"product","2":"type-product","3":"status-publish","4":"has-post-thumbnail","6":"product_cat-architecture","8":"first","9":"outofstock","10":"sale","11":"taxable","12":"shipping-taxable","13":"purchasable","14":"product-type-simple"},"acf":[],"_links":{"self":[{"href":"https:\/\/tecnicalivraria.com\/en\/wp-json\/wp\/v2\/product\/63031","targetHints":{"allow":["GET"]}}],"collection":[{"href":"https:\/\/tecnicalivraria.com\/en\/wp-json\/wp\/v2\/product"}],"about":[{"href":"https:\/\/tecnicalivraria.com\/en\/wp-json\/wp\/v2\/types\/product"}],"replies":[{"embeddable":true,"href":"https:\/\/tecnicalivraria.com\/en\/wp-json\/wp\/v2\/comments?post=63031"}],"wp:featuredmedia":[{"embeddable":true,"href":"https:\/\/tecnicalivraria.com\/en\/wp-json\/wp\/v2\/media\/25438"}],"wp:attachment":[{"href":"https:\/\/tecnicalivraria.com\/en\/wp-json\/wp\/v2\/media?parent=63031"}],"wp:term":[{"taxonomy":"product_brand","embeddable":true,"href":"https:\/\/tecnicalivraria.com\/en\/wp-json\/wp\/v2\/product_brand?post=63031"},{"taxonomy":"product_cat","embeddable":true,"href":"https:\/\/tecnicalivraria.com\/en\/wp-json\/wp\/v2\/product_cat?post=63031"},{"taxonomy":"product_tag","embeddable":true,"href":"https:\/\/tecnicalivraria.com\/en\/wp-json\/wp\/v2\/product_tag?post=63031"}],"curies":[{"name":"wp","href":"https:\/\/api.w.org\/{rel}","templated":true}]}}