{"id":63093,"date":"2025-05-07T17:31:31","date_gmt":"2025-05-07T17:31:31","guid":{"rendered":"https:\/\/tecnicalivraria.com\/loja\/uncategorized\/linhas-do-estilo-estetica-e-ontologia-em-gilles-deleuze\/"},"modified":"2025-12-04T21:42:44","modified_gmt":"2025-12-04T21:42:44","slug":"linhas-do-estilo-estetica-e-ontologia-em-gilles-deleuze","status":"publish","type":"product","link":"https:\/\/tecnicalivraria.com\/en\/loja\/theory-and-history\/linhas-do-estilo-estetica-e-ontologia-em-gilles-deleuze\/","title":{"rendered":"LINHAS DO ESTILO \u2013 EST\u00c9TICA E ONTOLOGIA EM GILLES DELEUZE"},"content":{"rendered":"","protected":false},"excerpt":{"rendered":"<div>\n<p>LINHAS DO ESTILO \u2013 EST\u00c9TICA E ONTOLOGIA EM GILLES DELEUZE\u00a0\u00a0 <\/p>\n<p>AUTOR: ANA GODINHO\u00a0\u00a0\u00a0 <br \/>EDITOR: REL\u00d3GIO D\u00b4\u00c1GUA\u00a0  \u00a0 \u00a0 <\/p>\n<div>\n<h3>O c\u00f3digo do produto (%s) n\u00e3o est\u00e1 dispon\u00edvel.<\/h3>\n<\/div>\n<\/div>\n","protected":false},"featured_media":43448,"comment_status":"open","ping_status":"closed","template":"","meta":{"_acf_changed":false},"product_brand":[],"product_cat":[14760],"product_tag":[],"class_list":{"0":"post-63093","1":"product","2":"type-product","3":"status-publish","4":"has-post-thumbnail","6":"product_cat-theory-and-history","8":"first","9":"instock","10":"sale","11":"taxable","12":"shipping-taxable","13":"purchasable","14":"product-type-simple"},"acf":[],"_links":{"self":[{"href":"https:\/\/tecnicalivraria.com\/en\/wp-json\/wp\/v2\/product\/63093","targetHints":{"allow":["GET"]}}],"collection":[{"href":"https:\/\/tecnicalivraria.com\/en\/wp-json\/wp\/v2\/product"}],"about":[{"href":"https:\/\/tecnicalivraria.com\/en\/wp-json\/wp\/v2\/types\/product"}],"replies":[{"embeddable":true,"href":"https:\/\/tecnicalivraria.com\/en\/wp-json\/wp\/v2\/comments?post=63093"}],"wp:featuredmedia":[{"embeddable":true,"href":"https:\/\/tecnicalivraria.com\/en\/wp-json\/wp\/v2\/media\/43448"}],"wp:attachment":[{"href":"https:\/\/tecnicalivraria.com\/en\/wp-json\/wp\/v2\/media?parent=63093"}],"wp:term":[{"taxonomy":"product_brand","embeddable":true,"href":"https:\/\/tecnicalivraria.com\/en\/wp-json\/wp\/v2\/product_brand?post=63093"},{"taxonomy":"product_cat","embeddable":true,"href":"https:\/\/tecnicalivraria.com\/en\/wp-json\/wp\/v2\/product_cat?post=63093"},{"taxonomy":"product_tag","embeddable":true,"href":"https:\/\/tecnicalivraria.com\/en\/wp-json\/wp\/v2\/product_tag?post=63093"}],"curies":[{"name":"wp","href":"https:\/\/api.w.org\/{rel}","templated":true}]}}