{"id":63116,"date":"2025-05-07T17:31:17","date_gmt":"2025-05-07T17:31:17","guid":{"rendered":"https:\/\/tecnicalivraria.com\/loja\/uncategorized\/historia-da-arquitectura-moderna-edicao-em-portugues\/"},"modified":"2025-12-04T21:41:45","modified_gmt":"2025-12-04T21:41:45","slug":"historia-da-arquitectura-moderna-edicao-em-portugues","status":"publish","type":"product","link":"https:\/\/tecnicalivraria.com\/en\/loja\/theory-and-history\/historia-da-arquitectura-moderna-edicao-em-portugues\/","title":{"rendered":"HISTORIA DA ARQUITECTURA MODERNA &#8211; EDI\u00c7\u00c3O EM PORTUGU\u00caS"},"content":{"rendered":"","protected":false},"excerpt":{"rendered":"<div>\n<p>HISTORIA DA ARQUITECTURA MODERNA &#8211; EDI\u00c7\u00c3O EM PORTUGUES\u00a0\u00a0\u00a0\u00a0\u00a0\u00a0\u00a0\u00a0\u00a0\u00a0\u00a0\u00a0  <\/p>\n<p>AUTOR: LEONARDO BENEVOLO\u00a0\u00a0\u00a0\u00a0\u00a0\u00a0\u00a0 <br \/>EDITORA: PRESPECTIVA\u00a0\u00a0\u00a0\u00a0 <\/p>\n<\/div>\n","protected":false},"featured_media":31906,"comment_status":"open","ping_status":"closed","template":"","meta":{"_acf_changed":false},"product_brand":[],"product_cat":[14760],"product_tag":[],"class_list":{"0":"post-63116","1":"product","2":"type-product","3":"status-publish","4":"has-post-thumbnail","6":"product_cat-theory-and-history","8":"first","9":"instock","10":"sale","11":"taxable","12":"shipping-taxable","13":"purchasable","14":"product-type-simple"},"acf":[],"_links":{"self":[{"href":"https:\/\/tecnicalivraria.com\/en\/wp-json\/wp\/v2\/product\/63116","targetHints":{"allow":["GET"]}}],"collection":[{"href":"https:\/\/tecnicalivraria.com\/en\/wp-json\/wp\/v2\/product"}],"about":[{"href":"https:\/\/tecnicalivraria.com\/en\/wp-json\/wp\/v2\/types\/product"}],"replies":[{"embeddable":true,"href":"https:\/\/tecnicalivraria.com\/en\/wp-json\/wp\/v2\/comments?post=63116"}],"wp:featuredmedia":[{"embeddable":true,"href":"https:\/\/tecnicalivraria.com\/en\/wp-json\/wp\/v2\/media\/31906"}],"wp:attachment":[{"href":"https:\/\/tecnicalivraria.com\/en\/wp-json\/wp\/v2\/media?parent=63116"}],"wp:term":[{"taxonomy":"product_brand","embeddable":true,"href":"https:\/\/tecnicalivraria.com\/en\/wp-json\/wp\/v2\/product_brand?post=63116"},{"taxonomy":"product_cat","embeddable":true,"href":"https:\/\/tecnicalivraria.com\/en\/wp-json\/wp\/v2\/product_cat?post=63116"},{"taxonomy":"product_tag","embeddable":true,"href":"https:\/\/tecnicalivraria.com\/en\/wp-json\/wp\/v2\/product_tag?post=63116"}],"curies":[{"name":"wp","href":"https:\/\/api.w.org\/{rel}","templated":true}]}}