{"id":63156,"date":"2025-05-07T17:30:49","date_gmt":"2025-05-07T17:30:49","guid":{"rendered":"https:\/\/tecnicalivraria.com\/loja\/uncategorized\/reabilitacao-de-edificios-gaioleiros\/"},"modified":"2026-04-14T16:27:39","modified_gmt":"2026-04-14T16:27:39","slug":"reabilitacao-de-edificios-gaioleiros","status":"publish","type":"product","link":"https:\/\/tecnicalivraria.com\/en\/loja\/architecture\/restoration-rehabilitation\/reabilitacao-de-edificios-gaioleiros\/","title":{"rendered":"REABILITA\u00c7\u00c3O DE EDIF\u00cdCIOS GAIOLEIROS"},"content":{"rendered":"","protected":false},"excerpt":{"rendered":"<div>\n<p>REABILITA\u00c7\u00c3O DE EDIF\u00cdCIOS GAIOLEIROS, <\/p>\n<p>autor: JO\u00c3O GUILHERME APPLETON, <br \/>editor: ORION, \u00a0 <\/p>\n<\/div>\n","protected":false},"featured_media":31420,"comment_status":"open","ping_status":"closed","template":"","meta":{"_acf_changed":false},"product_brand":[],"product_cat":[14749,14755],"product_tag":[],"class_list":{"0":"post-63156","1":"product","2":"type-product","3":"status-publish","4":"has-post-thumbnail","6":"product_cat-architecture","7":"product_cat-restoration-rehabilitation","9":"first","10":"instock","11":"taxable","12":"shipping-taxable","13":"purchasable","14":"product-type-simple"},"acf":[],"_links":{"self":[{"href":"https:\/\/tecnicalivraria.com\/en\/wp-json\/wp\/v2\/product\/63156","targetHints":{"allow":["GET"]}}],"collection":[{"href":"https:\/\/tecnicalivraria.com\/en\/wp-json\/wp\/v2\/product"}],"about":[{"href":"https:\/\/tecnicalivraria.com\/en\/wp-json\/wp\/v2\/types\/product"}],"replies":[{"embeddable":true,"href":"https:\/\/tecnicalivraria.com\/en\/wp-json\/wp\/v2\/comments?post=63156"}],"wp:featuredmedia":[{"embeddable":true,"href":"https:\/\/tecnicalivraria.com\/en\/wp-json\/wp\/v2\/media\/31420"}],"wp:attachment":[{"href":"https:\/\/tecnicalivraria.com\/en\/wp-json\/wp\/v2\/media?parent=63156"}],"wp:term":[{"taxonomy":"product_brand","embeddable":true,"href":"https:\/\/tecnicalivraria.com\/en\/wp-json\/wp\/v2\/product_brand?post=63156"},{"taxonomy":"product_cat","embeddable":true,"href":"https:\/\/tecnicalivraria.com\/en\/wp-json\/wp\/v2\/product_cat?post=63156"},{"taxonomy":"product_tag","embeddable":true,"href":"https:\/\/tecnicalivraria.com\/en\/wp-json\/wp\/v2\/product_tag?post=63156"}],"curies":[{"name":"wp","href":"https:\/\/api.w.org\/{rel}","templated":true}]}}