{"id":63193,"date":"2025-05-07T17:30:00","date_gmt":"2025-05-07T17:30:00","guid":{"rendered":"https:\/\/tecnicalivraria.com\/loja\/uncategorized\/tres-conjuntos-residenciais-meritorios-de-habitacao-de-custos-controlados\/"},"modified":"2025-05-07T17:30:00","modified_gmt":"2025-05-07T17:30:00","slug":"tres-conjuntos-residenciais-meritorios-de-habitacao-de-custos-controlados","status":"publish","type":"product","link":"https:\/\/tecnicalivraria.com\/en\/loja\/architecture\/tres-conjuntos-residenciais-meritorios-de-habitacao-de-custos-controlados\/","title":{"rendered":"TR\u00caS CONJUNTOS RESIDENCIAIS MERIT\u00d3RIOS DE HABITA\u00c7\u00c3O DE CUSTOS CONTROLADOS"},"content":{"rendered":"","protected":false},"excerpt":{"rendered":"<div>\n<p><span>TR\u00caS CONJUNTOS RESIDENCIAIS MERIT\u00d3RIOS DE HABITA\u00c7\u00c3O DE CUSTOS CONTROLADOS <\/p>\n<p>autores: ANT\u00d3NIO B. COELHO, JO\u00c3O B. PEDRO, ANT\u00d3NIO REIS CABRITA, <br \/>editor: LNEC, \u00a0  <\/span><\/p>\n<\/div>\n","protected":false},"featured_media":25289,"comment_status":"open","ping_status":"closed","template":"","meta":{"_acf_changed":false},"product_brand":[],"product_cat":[14749],"product_tag":[],"class_list":{"0":"post-63193","1":"product","2":"type-product","3":"status-publish","4":"has-post-thumbnail","6":"product_cat-architecture","8":"first","9":"outofstock","10":"sale","11":"taxable","12":"shipping-taxable","13":"purchasable","14":"product-type-simple"},"acf":[],"_links":{"self":[{"href":"https:\/\/tecnicalivraria.com\/en\/wp-json\/wp\/v2\/product\/63193","targetHints":{"allow":["GET"]}}],"collection":[{"href":"https:\/\/tecnicalivraria.com\/en\/wp-json\/wp\/v2\/product"}],"about":[{"href":"https:\/\/tecnicalivraria.com\/en\/wp-json\/wp\/v2\/types\/product"}],"replies":[{"embeddable":true,"href":"https:\/\/tecnicalivraria.com\/en\/wp-json\/wp\/v2\/comments?post=63193"}],"wp:featuredmedia":[{"embeddable":true,"href":"https:\/\/tecnicalivraria.com\/en\/wp-json\/wp\/v2\/media\/25289"}],"wp:attachment":[{"href":"https:\/\/tecnicalivraria.com\/en\/wp-json\/wp\/v2\/media?parent=63193"}],"wp:term":[{"taxonomy":"product_brand","embeddable":true,"href":"https:\/\/tecnicalivraria.com\/en\/wp-json\/wp\/v2\/product_brand?post=63193"},{"taxonomy":"product_cat","embeddable":true,"href":"https:\/\/tecnicalivraria.com\/en\/wp-json\/wp\/v2\/product_cat?post=63193"},{"taxonomy":"product_tag","embeddable":true,"href":"https:\/\/tecnicalivraria.com\/en\/wp-json\/wp\/v2\/product_tag?post=63193"}],"curies":[{"name":"wp","href":"https:\/\/api.w.org\/{rel}","templated":true}]}}