{"id":63221,"date":"2025-05-07T17:29:48","date_gmt":"2025-05-07T17:29:48","guid":{"rendered":"https:\/\/tecnicalivraria.com\/loja\/uncategorized\/sistemas-de-construcao-xiii-reabilitacao-urbana\/"},"modified":"2026-02-27T11:30:34","modified_gmt":"2026-02-27T11:30:34","slug":"sistemas-de-construcao-xiii-reabilitacao-urbana","status":"publish","type":"product","link":"https:\/\/tecnicalivraria.com\/en\/loja\/architecture\/sistemas-de-construcao-xiii-reabilitacao-urbana\/","title":{"rendered":"SISTEMAS DE CONSTRU\u00c7\u00c3O XIII &#8211; REABILITA\u00c7\u00c3O URBANA"},"content":{"rendered":"","protected":false},"excerpt":{"rendered":"<div>\n<p>SISTEMAS DE CONSTRU\u00c7\u00c3O XIII, REABILITA\u00c7\u00c3O URBANA<\/p>\n<p>AUTOR: JORGE MASCARENHAS<br \/>\nEDITORA: LIVROS HORIZONTE\u00a0 ISBN: 9789722417570<\/p>\n<p>&nbsp;<\/p>\n<\/div>\n","protected":false},"featured_media":31527,"comment_status":"open","ping_status":"closed","template":"","meta":{"_acf_changed":false},"product_brand":[],"product_cat":[14749],"product_tag":[],"class_list":{"0":"post-63221","1":"product","2":"type-product","3":"status-publish","4":"has-post-thumbnail","6":"product_cat-architecture","8":"first","9":"outofstock","10":"sale","11":"taxable","12":"shipping-taxable","13":"purchasable","14":"product-type-simple"},"acf":[],"_links":{"self":[{"href":"https:\/\/tecnicalivraria.com\/en\/wp-json\/wp\/v2\/product\/63221","targetHints":{"allow":["GET"]}}],"collection":[{"href":"https:\/\/tecnicalivraria.com\/en\/wp-json\/wp\/v2\/product"}],"about":[{"href":"https:\/\/tecnicalivraria.com\/en\/wp-json\/wp\/v2\/types\/product"}],"replies":[{"embeddable":true,"href":"https:\/\/tecnicalivraria.com\/en\/wp-json\/wp\/v2\/comments?post=63221"}],"wp:featuredmedia":[{"embeddable":true,"href":"https:\/\/tecnicalivraria.com\/en\/wp-json\/wp\/v2\/media\/31527"}],"wp:attachment":[{"href":"https:\/\/tecnicalivraria.com\/en\/wp-json\/wp\/v2\/media?parent=63221"}],"wp:term":[{"taxonomy":"product_brand","embeddable":true,"href":"https:\/\/tecnicalivraria.com\/en\/wp-json\/wp\/v2\/product_brand?post=63221"},{"taxonomy":"product_cat","embeddable":true,"href":"https:\/\/tecnicalivraria.com\/en\/wp-json\/wp\/v2\/product_cat?post=63221"},{"taxonomy":"product_tag","embeddable":true,"href":"https:\/\/tecnicalivraria.com\/en\/wp-json\/wp\/v2\/product_tag?post=63221"}],"curies":[{"name":"wp","href":"https:\/\/api.w.org\/{rel}","templated":true}]}}