{"id":63223,"date":"2025-05-07T17:29:47","date_gmt":"2025-05-07T17:29:47","guid":{"rendered":"https:\/\/tecnicalivraria.com\/loja\/uncategorized\/estacoes-ferroviarias-portuguesas-em-postais-ilustrados\/"},"modified":"2025-12-04T21:39:36","modified_gmt":"2025-12-04T21:39:36","slug":"estacoes-ferroviarias-portuguesas-em-postais-ilustrados","status":"publish","type":"product","link":"https:\/\/tecnicalivraria.com\/en\/loja\/theory-and-history\/estacoes-ferroviarias-portuguesas-em-postais-ilustrados\/","title":{"rendered":"ESTA\u00c7\u00d5ES FERROVI\u00c1RIAS PORTUGUESAS EM POSTAIS ILUSTRADOS"},"content":{"rendered":"","protected":false},"excerpt":{"rendered":"<div>\n<p><span><span><span><span><span><strong><span>ESTA\u00c7\u00d5ES FERROVI\u00c1RIAS PORTUGUESAS EM POSTAIS ILUSTRADOS\u00a0\u00a0\u00a0\u00a0\u00a0\u00a0      <\/p>\n<p>AUTOR: JORGE BRANCO \u00a0 \u00a0 \u00a0   <br \/>EDITORA: LIVROS HORIZONTE \u00a0 \u00a0 \u00a0 \u00a0   \u00a0 \u00a0\u00a0   <\/span><\/strong><\/span><\/span><\/span><\/span><\/span><span><br \/><span><span><span><span><span><strong><span><\/p>\n<div>\n<\/div>\n<p><\/span><\/strong><\/span><\/span><\/span><\/span><\/span><\/span><\/p>\n<\/div>\n","protected":false},"featured_media":31497,"comment_status":"open","ping_status":"closed","template":"","meta":{"_acf_changed":false},"product_brand":[],"product_cat":[14760],"product_tag":[],"class_list":{"0":"post-63223","1":"product","2":"type-product","3":"status-publish","4":"has-post-thumbnail","6":"product_cat-theory-and-history","8":"first","9":"instock","10":"sale","11":"taxable","12":"shipping-taxable","13":"purchasable","14":"product-type-simple"},"acf":[],"_links":{"self":[{"href":"https:\/\/tecnicalivraria.com\/en\/wp-json\/wp\/v2\/product\/63223","targetHints":{"allow":["GET"]}}],"collection":[{"href":"https:\/\/tecnicalivraria.com\/en\/wp-json\/wp\/v2\/product"}],"about":[{"href":"https:\/\/tecnicalivraria.com\/en\/wp-json\/wp\/v2\/types\/product"}],"replies":[{"embeddable":true,"href":"https:\/\/tecnicalivraria.com\/en\/wp-json\/wp\/v2\/comments?post=63223"}],"wp:featuredmedia":[{"embeddable":true,"href":"https:\/\/tecnicalivraria.com\/en\/wp-json\/wp\/v2\/media\/31497"}],"wp:attachment":[{"href":"https:\/\/tecnicalivraria.com\/en\/wp-json\/wp\/v2\/media?parent=63223"}],"wp:term":[{"taxonomy":"product_brand","embeddable":true,"href":"https:\/\/tecnicalivraria.com\/en\/wp-json\/wp\/v2\/product_brand?post=63223"},{"taxonomy":"product_cat","embeddable":true,"href":"https:\/\/tecnicalivraria.com\/en\/wp-json\/wp\/v2\/product_cat?post=63223"},{"taxonomy":"product_tag","embeddable":true,"href":"https:\/\/tecnicalivraria.com\/en\/wp-json\/wp\/v2\/product_tag?post=63223"}],"curies":[{"name":"wp","href":"https:\/\/api.w.org\/{rel}","templated":true}]}}