{"id":63228,"date":"2025-05-07T17:29:43","date_gmt":"2025-05-07T17:29:43","guid":{"rendered":"https:\/\/tecnicalivraria.com\/loja\/uncategorized\/arquitecturas-em-africa\/"},"modified":"2025-12-04T21:39:36","modified_gmt":"2025-12-04T21:39:36","slug":"arquitecturas-em-africa","status":"publish","type":"product","link":"https:\/\/tecnicalivraria.com\/en\/loja\/urbanism-landscape\/arquitecturas-em-africa\/","title":{"rendered":"ARQUITECTURAS EM \u00c1FRICA"},"content":{"rendered":"","protected":false},"excerpt":{"rendered":"<div>\n<p><span><strong>ARQUITECTURAS EM \u00c1FRICA \u2013 <\/strong><span><\/p>\n<p>autores: JO\u00c3O JOS\u00c9 TINOCO, ANT\u00d3NIO MATOS VELOSO, JOS\u00c9 MANUEL FERNANDES, MARIA DE LURDES JANEIRO, <br \/>editor: LIVROS HORIZONTE,  \u00a0\u00a0 <\/span><\/span><\/p>\n<\/div>\n","protected":false},"featured_media":43448,"comment_status":"open","ping_status":"closed","template":"","meta":{"_acf_changed":false},"product_brand":[],"product_cat":[14761],"product_tag":[],"class_list":{"0":"post-63228","1":"product","2":"type-product","3":"status-publish","4":"has-post-thumbnail","6":"product_cat-urbanism-landscape","8":"first","9":"instock","10":"sale","11":"taxable","12":"shipping-taxable","13":"purchasable","14":"product-type-simple"},"acf":[],"_links":{"self":[{"href":"https:\/\/tecnicalivraria.com\/en\/wp-json\/wp\/v2\/product\/63228","targetHints":{"allow":["GET"]}}],"collection":[{"href":"https:\/\/tecnicalivraria.com\/en\/wp-json\/wp\/v2\/product"}],"about":[{"href":"https:\/\/tecnicalivraria.com\/en\/wp-json\/wp\/v2\/types\/product"}],"replies":[{"embeddable":true,"href":"https:\/\/tecnicalivraria.com\/en\/wp-json\/wp\/v2\/comments?post=63228"}],"wp:featuredmedia":[{"embeddable":true,"href":"https:\/\/tecnicalivraria.com\/en\/wp-json\/wp\/v2\/media\/43448"}],"wp:attachment":[{"href":"https:\/\/tecnicalivraria.com\/en\/wp-json\/wp\/v2\/media?parent=63228"}],"wp:term":[{"taxonomy":"product_brand","embeddable":true,"href":"https:\/\/tecnicalivraria.com\/en\/wp-json\/wp\/v2\/product_brand?post=63228"},{"taxonomy":"product_cat","embeddable":true,"href":"https:\/\/tecnicalivraria.com\/en\/wp-json\/wp\/v2\/product_cat?post=63228"},{"taxonomy":"product_tag","embeddable":true,"href":"https:\/\/tecnicalivraria.com\/en\/wp-json\/wp\/v2\/product_tag?post=63228"}],"curies":[{"name":"wp","href":"https:\/\/api.w.org\/{rel}","templated":true}]}}