{"id":63261,"date":"2020-05-07T17:28:59","date_gmt":"2020-05-07T17:28:59","guid":{"rendered":"https:\/\/tecnicalivraria.com\/loja\/uncategorized\/ja-109-kengo-kuma-a-lab-for-materials\/"},"modified":"2026-01-22T18:38:33","modified_gmt":"2026-01-22T18:38:33","slug":"ja-109-kengo-kuma-a-lab-for-materials","status":"publish","type":"product","link":"https:\/\/tecnicalivraria.com\/en\/loja\/architecture\/ja-109-kengo-kuma-a-lab-for-materials\/","title":{"rendered":"JA 109  KENGO KUMA: A LAB FOR MATERIALS"},"content":{"rendered":"","protected":false},"excerpt":{"rendered":"<div>\n<p>JA 109\u00a0 KENGO KUMA: A LAB FOR MATERIALS\u00a0\u00a0\u00a0\u00a0\u00a0\u00a0 <\/p>\n<p>AUTOR: KENGO KUMA\u00a0\u00a0\u00a0\u00a0\u00a0 <br \/>EDITORA:\u00a0 JA\u00a0\u00a0\u00a0\u00a0\u00a0\u00a0\u00a0 \u00a0\u00a0\u00a0\u00a0\u00a0\u00a0\u00a0  (EDI\u00c7\u00c3O COM MAIOR N\u00daMERO DE P\u00c1GINAS)<\/p>\n<\/div>\n","protected":false},"featured_media":31814,"comment_status":"open","ping_status":"closed","template":"","meta":{"_acf_changed":false},"product_brand":[],"product_cat":[14749],"product_tag":[14751],"class_list":{"0":"post-63261","1":"product","2":"type-product","3":"status-publish","4":"has-post-thumbnail","6":"product_cat-architecture","7":"product_tag-consulta-sem-preco-todos","9":"first","10":"instock","11":"sale","12":"taxable","13":"shipping-taxable","14":"product-type-simple"},"acf":[],"_links":{"self":[{"href":"https:\/\/tecnicalivraria.com\/en\/wp-json\/wp\/v2\/product\/63261","targetHints":{"allow":["GET"]}}],"collection":[{"href":"https:\/\/tecnicalivraria.com\/en\/wp-json\/wp\/v2\/product"}],"about":[{"href":"https:\/\/tecnicalivraria.com\/en\/wp-json\/wp\/v2\/types\/product"}],"replies":[{"embeddable":true,"href":"https:\/\/tecnicalivraria.com\/en\/wp-json\/wp\/v2\/comments?post=63261"}],"wp:featuredmedia":[{"embeddable":true,"href":"https:\/\/tecnicalivraria.com\/en\/wp-json\/wp\/v2\/media\/31814"}],"wp:attachment":[{"href":"https:\/\/tecnicalivraria.com\/en\/wp-json\/wp\/v2\/media?parent=63261"}],"wp:term":[{"taxonomy":"product_brand","embeddable":true,"href":"https:\/\/tecnicalivraria.com\/en\/wp-json\/wp\/v2\/product_brand?post=63261"},{"taxonomy":"product_cat","embeddable":true,"href":"https:\/\/tecnicalivraria.com\/en\/wp-json\/wp\/v2\/product_cat?post=63261"},{"taxonomy":"product_tag","embeddable":true,"href":"https:\/\/tecnicalivraria.com\/en\/wp-json\/wp\/v2\/product_tag?post=63261"}],"curies":[{"name":"wp","href":"https:\/\/api.w.org\/{rel}","templated":true}]}}