{"id":63269,"date":"2025-05-07T17:28:50","date_gmt":"2025-05-07T17:28:50","guid":{"rendered":"https:\/\/tecnicalivraria.com\/loja\/uncategorized\/administracao-urbanistica-evolucao-legal-e-sua-pratica\/"},"modified":"2025-12-04T21:38:18","modified_gmt":"2025-12-04T21:38:18","slug":"administracao-urbanistica-evolucao-legal-e-sua-pratica","status":"publish","type":"product","link":"https:\/\/tecnicalivraria.com\/en\/loja\/urbanism-landscape\/administracao-urbanistica-evolucao-legal-e-sua-pratica\/","title":{"rendered":"ADMINISTRA\u00c7\u00c3O URBAN\u00cdSTICA EVOLU\u00c7\u00c3O LEGAL E SUA PRATICA"},"content":{"rendered":"","protected":false},"excerpt":{"rendered":"<div>\n<p>ADMINISTRA\u00c7\u00c3O URBAN\u00cdSTICA EVOLU\u00c7\u00c3O LEGAL E SUA PRATICA, <\/p>\n<p>autores: MANUEL DA COSTA LOBO, <br \/>editora: IST PRESS, \u00a0 <\/p>\n<div>\n<\/div>\n<\/p>\n<\/div>\n","protected":false},"featured_media":43448,"comment_status":"open","ping_status":"closed","template":"","meta":{"_acf_changed":false},"product_brand":[],"product_cat":[14761],"product_tag":[],"class_list":{"0":"post-63269","1":"product","2":"type-product","3":"status-publish","4":"has-post-thumbnail","6":"product_cat-urbanism-landscape","8":"first","9":"instock","10":"sale","11":"taxable","12":"shipping-taxable","13":"purchasable","14":"product-type-simple"},"acf":[],"_links":{"self":[{"href":"https:\/\/tecnicalivraria.com\/en\/wp-json\/wp\/v2\/product\/63269","targetHints":{"allow":["GET"]}}],"collection":[{"href":"https:\/\/tecnicalivraria.com\/en\/wp-json\/wp\/v2\/product"}],"about":[{"href":"https:\/\/tecnicalivraria.com\/en\/wp-json\/wp\/v2\/types\/product"}],"replies":[{"embeddable":true,"href":"https:\/\/tecnicalivraria.com\/en\/wp-json\/wp\/v2\/comments?post=63269"}],"wp:featuredmedia":[{"embeddable":true,"href":"https:\/\/tecnicalivraria.com\/en\/wp-json\/wp\/v2\/media\/43448"}],"wp:attachment":[{"href":"https:\/\/tecnicalivraria.com\/en\/wp-json\/wp\/v2\/media?parent=63269"}],"wp:term":[{"taxonomy":"product_brand","embeddable":true,"href":"https:\/\/tecnicalivraria.com\/en\/wp-json\/wp\/v2\/product_brand?post=63269"},{"taxonomy":"product_cat","embeddable":true,"href":"https:\/\/tecnicalivraria.com\/en\/wp-json\/wp\/v2\/product_cat?post=63269"},{"taxonomy":"product_tag","embeddable":true,"href":"https:\/\/tecnicalivraria.com\/en\/wp-json\/wp\/v2\/product_tag?post=63269"}],"curies":[{"name":"wp","href":"https:\/\/api.w.org\/{rel}","templated":true}]}}