{"id":63305,"date":"2025-05-07T17:27:55","date_gmt":"2025-05-07T17:27:55","guid":{"rendered":"https:\/\/tecnicalivraria.com\/loja\/uncategorized\/tectonica-11-madera-i\/"},"modified":"2026-01-21T18:11:17","modified_gmt":"2026-01-21T18:11:17","slug":"tectonica-11-madera-i","status":"publish","type":"product","link":"https:\/\/tecnicalivraria.com\/en\/loja\/architecture\/tectonica-11-madera-i\/","title":{"rendered":"TECTONICA 11 MADERA I"},"content":{"rendered":"","protected":false},"excerpt":{"rendered":"<div>\n<p><strong>TECTONICA 11 MADERA I<\/strong>,<\/p>\n<p>autores dos projectos JOSEP LLU\u00cdS MATEO-MAP ARQUITECTOS, ROBERTO ERCILLA Y MIGUEL \u00c1NGEL CAMPO, JO\u00c3O \u00c1LVARO ROCHA, CARLOS QUINT\u00c1NS, ANT\u00d3NIO RAYA, CRIST\u00d3BAL CRESPO<\/p>\n<\/div>\n","protected":false},"featured_media":43448,"comment_status":"open","ping_status":"closed","template":"","meta":{"_acf_changed":false},"product_brand":[],"product_cat":[14749],"product_tag":[],"class_list":{"0":"post-63305","1":"product","2":"type-product","3":"status-publish","4":"has-post-thumbnail","6":"product_cat-architecture","8":"first","9":"instock","10":"sale","11":"taxable","12":"shipping-taxable","13":"purchasable","14":"product-type-simple"},"acf":[],"_links":{"self":[{"href":"https:\/\/tecnicalivraria.com\/en\/wp-json\/wp\/v2\/product\/63305","targetHints":{"allow":["GET"]}}],"collection":[{"href":"https:\/\/tecnicalivraria.com\/en\/wp-json\/wp\/v2\/product"}],"about":[{"href":"https:\/\/tecnicalivraria.com\/en\/wp-json\/wp\/v2\/types\/product"}],"replies":[{"embeddable":true,"href":"https:\/\/tecnicalivraria.com\/en\/wp-json\/wp\/v2\/comments?post=63305"}],"wp:featuredmedia":[{"embeddable":true,"href":"https:\/\/tecnicalivraria.com\/en\/wp-json\/wp\/v2\/media\/43448"}],"wp:attachment":[{"href":"https:\/\/tecnicalivraria.com\/en\/wp-json\/wp\/v2\/media?parent=63305"}],"wp:term":[{"taxonomy":"product_brand","embeddable":true,"href":"https:\/\/tecnicalivraria.com\/en\/wp-json\/wp\/v2\/product_brand?post=63305"},{"taxonomy":"product_cat","embeddable":true,"href":"https:\/\/tecnicalivraria.com\/en\/wp-json\/wp\/v2\/product_cat?post=63305"},{"taxonomy":"product_tag","embeddable":true,"href":"https:\/\/tecnicalivraria.com\/en\/wp-json\/wp\/v2\/product_tag?post=63305"}],"curies":[{"name":"wp","href":"https:\/\/api.w.org\/{rel}","templated":true}]}}