{"id":63330,"date":"2025-05-07T17:27:42","date_gmt":"2025-05-07T17:27:42","guid":{"rendered":"https:\/\/tecnicalivraria.com\/loja\/uncategorized\/revolucoes-arquitectura-e-cinema-nos-anos-60-70\/"},"modified":"2026-01-22T14:55:41","modified_gmt":"2026-01-22T14:55:41","slug":"revolucoes-arquitectura-e-cinema-nos-anos-60-70","status":"publish","type":"product","link":"https:\/\/tecnicalivraria.com\/en\/loja\/architecture\/revolucoes-arquitectura-e-cinema-nos-anos-60-70\/","title":{"rendered":"REVOLU\u00c7\u00d5ES \u2013 ARQUITECTURA E CINEMA NOS ANOS 60\/70"},"content":{"rendered":"","protected":false},"excerpt":{"rendered":"<div>\n<p><strong>REVOLU\u00c7\u00d5ES \u2013 ARQUITECTURA E CINEMA NOS ANOS 60\/70<\/p>\n<p>AUTORES: ALEXANDRE ALVES COSTA, MANUEL GRA\u00c7A DIAS, MIGUEL TAVARES, PEDRO BA\u00cdA, FRANCISCO FERREIRA, JOS\u00c9 MIGUEL RODRIGUES, JORGE FIGUEIRA, LUIS URBANO, CARLOS MACHADO, ANA RESENDE, PEDRO NETO, JO\u00c3O ROSMANINHO, TIAGO BAPTISTA.\u00a0<\/strong><\/p>\n<div><\/div>\n<p>&nbsp;<\/p>\n<\/div>\n","protected":false},"featured_media":23633,"comment_status":"open","ping_status":"closed","template":"","meta":{"_acf_changed":false},"product_brand":[],"product_cat":[14749],"product_tag":[],"class_list":{"0":"post-63330","1":"product","2":"type-product","3":"status-publish","4":"has-post-thumbnail","6":"product_cat-architecture","8":"first","9":"outofstock","10":"sale","11":"taxable","12":"shipping-taxable","13":"purchasable","14":"product-type-simple"},"acf":[],"_links":{"self":[{"href":"https:\/\/tecnicalivraria.com\/en\/wp-json\/wp\/v2\/product\/63330","targetHints":{"allow":["GET"]}}],"collection":[{"href":"https:\/\/tecnicalivraria.com\/en\/wp-json\/wp\/v2\/product"}],"about":[{"href":"https:\/\/tecnicalivraria.com\/en\/wp-json\/wp\/v2\/types\/product"}],"replies":[{"embeddable":true,"href":"https:\/\/tecnicalivraria.com\/en\/wp-json\/wp\/v2\/comments?post=63330"}],"wp:featuredmedia":[{"embeddable":true,"href":"https:\/\/tecnicalivraria.com\/en\/wp-json\/wp\/v2\/media\/23633"}],"wp:attachment":[{"href":"https:\/\/tecnicalivraria.com\/en\/wp-json\/wp\/v2\/media?parent=63330"}],"wp:term":[{"taxonomy":"product_brand","embeddable":true,"href":"https:\/\/tecnicalivraria.com\/en\/wp-json\/wp\/v2\/product_brand?post=63330"},{"taxonomy":"product_cat","embeddable":true,"href":"https:\/\/tecnicalivraria.com\/en\/wp-json\/wp\/v2\/product_cat?post=63330"},{"taxonomy":"product_tag","embeddable":true,"href":"https:\/\/tecnicalivraria.com\/en\/wp-json\/wp\/v2\/product_tag?post=63330"}],"curies":[{"name":"wp","href":"https:\/\/api.w.org\/{rel}","templated":true}]}}