{"id":63347,"date":"2025-05-07T17:27:11","date_gmt":"2025-05-07T17:27:11","guid":{"rendered":"https:\/\/tecnicalivraria.com\/loja\/uncategorized\/lisboa-manuelina-e-a-formacao-de-modelos-urbanisticos-da-epoca-moderna-1495-1521\/"},"modified":"2025-12-04T21:34:41","modified_gmt":"2025-12-04T21:34:41","slug":"lisboa-manuelina-e-a-formacao-de-modelos-urbanisticos-da-epoca-moderna-1495-1521","status":"publish","type":"product","link":"https:\/\/tecnicalivraria.com\/en\/loja\/theory-and-history\/lisboa-manuelina-e-a-formacao-de-modelos-urbanisticos-da-epoca-moderna-1495-1521\/","title":{"rendered":"LISBOA MANUELINA E A FORMA\u00c7\u00c3O DE MODELOS URBAN\u00cdSTICOS DA \u00c9POCA MODERNA (1495-1521)"},"content":{"rendered":"","protected":false},"excerpt":{"rendered":"<div>\n<p><span>LISBOA MANUELINA E A FORMA\u00c7\u00c3O DE MODELOS URBAN\u00cdSTICOS DA \u00c9POCA MODERNA (1495-1521), <\/p>\n<p>autor HELDER CARITA, <br \/>editor LIVROS HORIZONTE \u00a0\u00a0\u00a0\u00a0 <\/span><\/p>\n<\/div>\n","protected":false},"featured_media":36637,"comment_status":"open","ping_status":"closed","template":"","meta":{"_acf_changed":false},"product_brand":[],"product_cat":[14760],"product_tag":[],"class_list":{"0":"post-63347","1":"product","2":"type-product","3":"status-publish","4":"has-post-thumbnail","6":"product_cat-theory-and-history","8":"first","9":"instock","10":"sale","11":"taxable","12":"shipping-taxable","13":"purchasable","14":"product-type-simple"},"acf":[],"_links":{"self":[{"href":"https:\/\/tecnicalivraria.com\/en\/wp-json\/wp\/v2\/product\/63347","targetHints":{"allow":["GET"]}}],"collection":[{"href":"https:\/\/tecnicalivraria.com\/en\/wp-json\/wp\/v2\/product"}],"about":[{"href":"https:\/\/tecnicalivraria.com\/en\/wp-json\/wp\/v2\/types\/product"}],"replies":[{"embeddable":true,"href":"https:\/\/tecnicalivraria.com\/en\/wp-json\/wp\/v2\/comments?post=63347"}],"wp:featuredmedia":[{"embeddable":true,"href":"https:\/\/tecnicalivraria.com\/en\/wp-json\/wp\/v2\/media\/36637"}],"wp:attachment":[{"href":"https:\/\/tecnicalivraria.com\/en\/wp-json\/wp\/v2\/media?parent=63347"}],"wp:term":[{"taxonomy":"product_brand","embeddable":true,"href":"https:\/\/tecnicalivraria.com\/en\/wp-json\/wp\/v2\/product_brand?post=63347"},{"taxonomy":"product_cat","embeddable":true,"href":"https:\/\/tecnicalivraria.com\/en\/wp-json\/wp\/v2\/product_cat?post=63347"},{"taxonomy":"product_tag","embeddable":true,"href":"https:\/\/tecnicalivraria.com\/en\/wp-json\/wp\/v2\/product_tag?post=63347"}],"curies":[{"name":"wp","href":"https:\/\/api.w.org\/{rel}","templated":true}]}}