{"id":63403,"date":"2025-05-07T17:26:26","date_gmt":"2025-05-07T17:26:26","guid":{"rendered":"https:\/\/tecnicalivraria.com\/loja\/uncategorized\/atlas-architectures-of-the-21st-century-europe-luiz-fernandez-galiano\/"},"modified":"2026-01-22T16:53:39","modified_gmt":"2026-01-22T16:53:39","slug":"atlas-architectures-of-the-21st-century-europe-luiz-fernandez-galiano","status":"publish","type":"product","link":"https:\/\/tecnicalivraria.com\/en\/loja\/architecture\/atlas-architectures-of-the-21st-century-europe-luiz-fernandez-galiano\/","title":{"rendered":"ATLAS: ARCHITECTURES OF THE 21ST CENTURY. EUROPE \u2013 LUIZ FERNANDEZ GALIANO"},"content":{"rendered":"","protected":false},"excerpt":{"rendered":"<div>\n<p><span><span><span><span><span><span><strong><span><span><span>ATLAS: ARCHITECTURES OF THE 21ST CENTURY. EUROPE \u2013 LUIZ FERNANDEZ GALIANO\tEDI\u00c7\u00c3O: FUNDA\u00c7\u00c3O BBVA\tISBN: 9788492937417 <\/span><\/span><\/span><\/strong><\/span><\/span><\/span><\/span><\/span><\/span><\/p>\n<p><span><span><span><span><span><span><strong><span>PRE\u00c7O: 36,7\u20ac\t<\/span><\/strong><\/span><\/span><\/span><\/span><\/span><\/span><\/p>\n<\/div>\n","protected":false},"featured_media":35807,"comment_status":"open","ping_status":"closed","template":"","meta":{"_acf_changed":false},"product_brand":[],"product_cat":[14749],"product_tag":[],"class_list":{"0":"post-63403","1":"product","2":"type-product","3":"status-publish","4":"has-post-thumbnail","6":"product_cat-architecture","8":"first","9":"instock","10":"sale","11":"taxable","12":"shipping-taxable","13":"purchasable","14":"product-type-simple"},"acf":[],"_links":{"self":[{"href":"https:\/\/tecnicalivraria.com\/en\/wp-json\/wp\/v2\/product\/63403","targetHints":{"allow":["GET"]}}],"collection":[{"href":"https:\/\/tecnicalivraria.com\/en\/wp-json\/wp\/v2\/product"}],"about":[{"href":"https:\/\/tecnicalivraria.com\/en\/wp-json\/wp\/v2\/types\/product"}],"replies":[{"embeddable":true,"href":"https:\/\/tecnicalivraria.com\/en\/wp-json\/wp\/v2\/comments?post=63403"}],"wp:featuredmedia":[{"embeddable":true,"href":"https:\/\/tecnicalivraria.com\/en\/wp-json\/wp\/v2\/media\/35807"}],"wp:attachment":[{"href":"https:\/\/tecnicalivraria.com\/en\/wp-json\/wp\/v2\/media?parent=63403"}],"wp:term":[{"taxonomy":"product_brand","embeddable":true,"href":"https:\/\/tecnicalivraria.com\/en\/wp-json\/wp\/v2\/product_brand?post=63403"},{"taxonomy":"product_cat","embeddable":true,"href":"https:\/\/tecnicalivraria.com\/en\/wp-json\/wp\/v2\/product_cat?post=63403"},{"taxonomy":"product_tag","embeddable":true,"href":"https:\/\/tecnicalivraria.com\/en\/wp-json\/wp\/v2\/product_tag?post=63403"}],"curies":[{"name":"wp","href":"https:\/\/api.w.org\/{rel}","templated":true}]}}