{"id":63455,"date":"2025-05-07T17:25:34","date_gmt":"2025-05-07T17:25:34","guid":{"rendered":"https:\/\/tecnicalivraria.com\/loja\/uncategorized\/arquitectura-do-sec-xxi-ampla-seleccao-de-obras-contemporaneas\/"},"modified":"2026-01-23T17:48:10","modified_gmt":"2026-01-23T17:48:10","slug":"arquitectura-do-sec-xxi-ampla-seleccao-de-obras-contemporaneas","status":"publish","type":"product","link":"https:\/\/tecnicalivraria.com\/en\/loja\/architecture\/arquitectura-do-sec-xxi-ampla-seleccao-de-obras-contemporaneas\/","title":{"rendered":"ARQUITECTURA DO SEC. XXI &#8211; AMPLA SELEC\u00c7\u00c3O DE OBRAS CONTEMPOR\u00c2NEAS"},"content":{"rendered":"","protected":false},"excerpt":{"rendered":"<div>\n<p><span><span><span><span><span><strong><span>ARQUITECTURA DO SEC. XXI &#8211; AMPLA SELEC\u00c7\u00c3O DE OBRAS CONTEMPOR\u00c2NEAS       <\/p>\n<p>AUTOR: ALEX SANCHEZ VIDIELLA                 <br \/>EDITORA:  ILUSBOOKS                     <\/span><\/strong><\/span><\/span><\/span><\/span><\/span><span><br \/><span><span><span><span><span><strong><span><\/p>\n<div>\n<\/div>\n<p><\/span><\/strong><\/span><\/span><\/span><\/span><\/span><\/span><\/p>\n<\/div>\n","protected":false},"featured_media":23603,"comment_status":"open","ping_status":"closed","template":"","meta":{"_acf_changed":false},"product_brand":[],"product_cat":[14749],"product_tag":[],"class_list":{"0":"post-63455","1":"product","2":"type-product","3":"status-publish","4":"has-post-thumbnail","6":"product_cat-architecture","8":"first","9":"instock","10":"sale","11":"taxable","12":"shipping-taxable","13":"purchasable","14":"product-type-simple"},"acf":[],"_links":{"self":[{"href":"https:\/\/tecnicalivraria.com\/en\/wp-json\/wp\/v2\/product\/63455","targetHints":{"allow":["GET"]}}],"collection":[{"href":"https:\/\/tecnicalivraria.com\/en\/wp-json\/wp\/v2\/product"}],"about":[{"href":"https:\/\/tecnicalivraria.com\/en\/wp-json\/wp\/v2\/types\/product"}],"replies":[{"embeddable":true,"href":"https:\/\/tecnicalivraria.com\/en\/wp-json\/wp\/v2\/comments?post=63455"}],"wp:featuredmedia":[{"embeddable":true,"href":"https:\/\/tecnicalivraria.com\/en\/wp-json\/wp\/v2\/media\/23603"}],"wp:attachment":[{"href":"https:\/\/tecnicalivraria.com\/en\/wp-json\/wp\/v2\/media?parent=63455"}],"wp:term":[{"taxonomy":"product_brand","embeddable":true,"href":"https:\/\/tecnicalivraria.com\/en\/wp-json\/wp\/v2\/product_brand?post=63455"},{"taxonomy":"product_cat","embeddable":true,"href":"https:\/\/tecnicalivraria.com\/en\/wp-json\/wp\/v2\/product_cat?post=63455"},{"taxonomy":"product_tag","embeddable":true,"href":"https:\/\/tecnicalivraria.com\/en\/wp-json\/wp\/v2\/product_tag?post=63455"}],"curies":[{"name":"wp","href":"https:\/\/api.w.org\/{rel}","templated":true}]}}