{"id":63459,"date":"2025-05-07T17:25:30","date_gmt":"2025-05-07T17:25:30","guid":{"rendered":"https:\/\/tecnicalivraria.com\/loja\/uncategorized\/hacia-una-arquitectura-sostenible-2\/"},"modified":"2026-01-23T17:48:50","modified_gmt":"2026-01-23T17:48:50","slug":"hacia-una-arquitectura-sostenible-2","status":"publish","type":"product","link":"https:\/\/tecnicalivraria.com\/en\/loja\/architecture\/hacia-una-arquitectura-sostenible-2\/","title":{"rendered":"HACIA UNA ARQUITECTURA SOSTENIBLE 2"},"content":{"rendered":"","protected":false},"excerpt":{"rendered":"<div>\n<p><strong>HACIA UNA ARQUITECTURA SOSTENIBLE 2<\/strong> \u2013<\/p>\n<p>autores: RAFAEL TORTAJADA MART\u00cdNEZ, CARLOS BEA GIL, CECILIA HANSSON, EVA DALMAN, JES\u00daS GARC\u00cdA GOMBAU, JORDI VILA MART\u00cdNEZ, ENRIQUE CABRERA MARCET, CHRIS SHIRLEY SMITH, SIMON BANDY,<br \/>\neditor: ICARO,<\/p>\n<\/div>\n","protected":false},"featured_media":32660,"comment_status":"open","ping_status":"closed","template":"","meta":{"_acf_changed":false},"product_brand":[],"product_cat":[14749],"product_tag":[],"class_list":{"0":"post-63459","1":"product","2":"type-product","3":"status-publish","4":"has-post-thumbnail","6":"product_cat-architecture","8":"first","9":"outofstock","10":"sale","11":"taxable","12":"shipping-taxable","13":"purchasable","14":"product-type-simple"},"acf":[],"_links":{"self":[{"href":"https:\/\/tecnicalivraria.com\/en\/wp-json\/wp\/v2\/product\/63459","targetHints":{"allow":["GET"]}}],"collection":[{"href":"https:\/\/tecnicalivraria.com\/en\/wp-json\/wp\/v2\/product"}],"about":[{"href":"https:\/\/tecnicalivraria.com\/en\/wp-json\/wp\/v2\/types\/product"}],"replies":[{"embeddable":true,"href":"https:\/\/tecnicalivraria.com\/en\/wp-json\/wp\/v2\/comments?post=63459"}],"wp:featuredmedia":[{"embeddable":true,"href":"https:\/\/tecnicalivraria.com\/en\/wp-json\/wp\/v2\/media\/32660"}],"wp:attachment":[{"href":"https:\/\/tecnicalivraria.com\/en\/wp-json\/wp\/v2\/media?parent=63459"}],"wp:term":[{"taxonomy":"product_brand","embeddable":true,"href":"https:\/\/tecnicalivraria.com\/en\/wp-json\/wp\/v2\/product_brand?post=63459"},{"taxonomy":"product_cat","embeddable":true,"href":"https:\/\/tecnicalivraria.com\/en\/wp-json\/wp\/v2\/product_cat?post=63459"},{"taxonomy":"product_tag","embeddable":true,"href":"https:\/\/tecnicalivraria.com\/en\/wp-json\/wp\/v2\/product_tag?post=63459"}],"curies":[{"name":"wp","href":"https:\/\/api.w.org\/{rel}","templated":true}]}}