{"id":63461,"date":"2025-05-07T17:25:29","date_gmt":"2025-05-07T17:25:29","guid":{"rendered":"https:\/\/tecnicalivraria.com\/loja\/uncategorized\/hacia-una-arquitectura-sostenible\/"},"modified":"2026-01-23T17:49:06","modified_gmt":"2026-01-23T17:49:06","slug":"hacia-una-arquitectura-sostenible","status":"publish","type":"product","link":"https:\/\/tecnicalivraria.com\/en\/loja\/architecture\/hacia-una-arquitectura-sostenible\/","title":{"rendered":"HACIA UNA ARQUITECTURA SOSTENIBLE"},"content":{"rendered":"","protected":false},"excerpt":{"rendered":"<div>\n<p><strong>HACIA UNA ARQUITECTURA SOSTENIBLE \u2013 <\/strong><\/p>\n<p>autores: EMILIO MIGUEL MITRE, IGNASI P\u00c9REZ ARNAL, MAR\u00cdA JOS\u00c9 L\u00d3PEZ, JAVIER NEILA , CESAR BEDOYA, VICENTE AGUST\u00cdN CLOQUELL, ENRIQUE CABRERA MARCET, JOS\u00c9 IGNACIO TERTRE, PAQUI GARC\u00cdA, MARISA TODOL\u00cd, MIKE BARKER, MANUEL MAC\u00cdAS, JOS\u00c9 CARLOS GARC\u00cdA, EMILIO MIGUEL MITRE, JOAN TORREDEFLOT, FELIPE PICH-AGUILERA,<br \/>\neditor: ICARO,<\/p>\n<\/div>\n","protected":false},"featured_media":25897,"comment_status":"open","ping_status":"closed","template":"","meta":{"_acf_changed":false},"product_brand":[],"product_cat":[14749],"product_tag":[],"class_list":{"0":"post-63461","1":"product","2":"type-product","3":"status-publish","4":"has-post-thumbnail","6":"product_cat-architecture","8":"first","9":"instock","10":"sale","11":"taxable","12":"shipping-taxable","13":"purchasable","14":"product-type-simple"},"acf":[],"_links":{"self":[{"href":"https:\/\/tecnicalivraria.com\/en\/wp-json\/wp\/v2\/product\/63461","targetHints":{"allow":["GET"]}}],"collection":[{"href":"https:\/\/tecnicalivraria.com\/en\/wp-json\/wp\/v2\/product"}],"about":[{"href":"https:\/\/tecnicalivraria.com\/en\/wp-json\/wp\/v2\/types\/product"}],"replies":[{"embeddable":true,"href":"https:\/\/tecnicalivraria.com\/en\/wp-json\/wp\/v2\/comments?post=63461"}],"wp:featuredmedia":[{"embeddable":true,"href":"https:\/\/tecnicalivraria.com\/en\/wp-json\/wp\/v2\/media\/25897"}],"wp:attachment":[{"href":"https:\/\/tecnicalivraria.com\/en\/wp-json\/wp\/v2\/media?parent=63461"}],"wp:term":[{"taxonomy":"product_brand","embeddable":true,"href":"https:\/\/tecnicalivraria.com\/en\/wp-json\/wp\/v2\/product_brand?post=63461"},{"taxonomy":"product_cat","embeddable":true,"href":"https:\/\/tecnicalivraria.com\/en\/wp-json\/wp\/v2\/product_cat?post=63461"},{"taxonomy":"product_tag","embeddable":true,"href":"https:\/\/tecnicalivraria.com\/en\/wp-json\/wp\/v2\/product_tag?post=63461"}],"curies":[{"name":"wp","href":"https:\/\/api.w.org\/{rel}","templated":true}]}}