{"id":63511,"date":"2020-05-07T17:24:39","date_gmt":"2020-05-07T17:24:39","guid":{"rendered":"https:\/\/tecnicalivraria.com\/loja\/uncategorized\/lina-bo-bardi-sutis-substancias-da-arquitectura\/"},"modified":"2026-03-17T14:40:36","modified_gmt":"2026-03-17T14:40:36","slug":"lina-bo-bardi-sutis-substancias-da-arquitectura","status":"publish","type":"product","link":"https:\/\/tecnicalivraria.com\/en\/loja\/architecture\/lina-bo-bardi-sutis-substancias-da-arquitectura\/","title":{"rendered":"LINA BO BARDI \u2013 SUTIS SUBST\u00c2NCIAS DA ARQUITECTURA"},"content":{"rendered":"","protected":false},"excerpt":{"rendered":"<div>\n<p>LINA BO BARDI \u2013 SUTIS SUBST\u00c2NCIAS DA ARQUITECTURA &#8211;\u00a0 TEMOS 2 EXEMPLARES<\/p>\n<p>autora: OLIVIA DE OLIVEIRA,<br \/>\neditor: GUSTAVO GILI,\u00a0\u00a0 400 P\u00c1GINAS<br \/>\nISBN: 9788588585065<\/p>\n<p>DHL INTERNATIONAL AIRMAIL: 3 TO 6 DAYS<br \/>\nENVIOS NACIONAIS DHL DOM\u00c9STICO: 2 A 3 DIAS<\/p>\n<p>Possivelmente o melhor livro da arquitecta Lina Bo Bardi.<\/p>\n<p>&gt; Pr\u00eamio Instituto de Arquitetos do Brasil: melhor livro de 2006<br \/>\n&gt; Finalista do Pr\u00eamio Pevsner do Royal Institute of British Aarchitects<br \/>\n&gt; Finalista do Pr\u00eamio Jabuti: melhor livro de arte e arquitetura<\/p>\n<p>Cont\u00e9m a biografia lind\u00edssima da arquitecta, desenhos t\u00e9cnicos, lind\u00edsssimas pinturas, desenhos \u00e0 m\u00e3o levantada e outros.<br \/>\nMostra a excelente arquitectura de Lina Bo Bardi<br \/>\nLivro de capa dura (hardcover)<\/p>\n<p>Editor: Gustavo Gili<br \/>\nL\u00edngua: Portugu\u00eas<\/p>\n<\/div>\n","protected":false},"featured_media":28923,"comment_status":"open","ping_status":"closed","template":"","meta":{"_acf_changed":false},"product_brand":[],"product_cat":[14749],"product_tag":[],"class_list":{"0":"post-63511","1":"product","2":"type-product","3":"status-publish","4":"has-post-thumbnail","6":"product_cat-architecture","8":"first","9":"outofstock","10":"taxable","11":"shipping-taxable","12":"purchasable","13":"product-type-simple"},"acf":[],"_links":{"self":[{"href":"https:\/\/tecnicalivraria.com\/en\/wp-json\/wp\/v2\/product\/63511","targetHints":{"allow":["GET"]}}],"collection":[{"href":"https:\/\/tecnicalivraria.com\/en\/wp-json\/wp\/v2\/product"}],"about":[{"href":"https:\/\/tecnicalivraria.com\/en\/wp-json\/wp\/v2\/types\/product"}],"replies":[{"embeddable":true,"href":"https:\/\/tecnicalivraria.com\/en\/wp-json\/wp\/v2\/comments?post=63511"}],"wp:featuredmedia":[{"embeddable":true,"href":"https:\/\/tecnicalivraria.com\/en\/wp-json\/wp\/v2\/media\/28923"}],"wp:attachment":[{"href":"https:\/\/tecnicalivraria.com\/en\/wp-json\/wp\/v2\/media?parent=63511"}],"wp:term":[{"taxonomy":"product_brand","embeddable":true,"href":"https:\/\/tecnicalivraria.com\/en\/wp-json\/wp\/v2\/product_brand?post=63511"},{"taxonomy":"product_cat","embeddable":true,"href":"https:\/\/tecnicalivraria.com\/en\/wp-json\/wp\/v2\/product_cat?post=63511"},{"taxonomy":"product_tag","embeddable":true,"href":"https:\/\/tecnicalivraria.com\/en\/wp-json\/wp\/v2\/product_tag?post=63511"}],"curies":[{"name":"wp","href":"https:\/\/api.w.org\/{rel}","templated":true}]}}