{"id":63566,"date":"2025-05-07T17:23:32","date_gmt":"2025-05-07T17:23:32","guid":{"rendered":"https:\/\/tecnicalivraria.com\/loja\/uncategorized\/vivienda-colectiva-en-espana-siglo-xx-1929-1992\/"},"modified":"2026-01-23T17:54:29","modified_gmt":"2026-01-23T17:54:29","slug":"vivienda-colectiva-en-espana-siglo-xx-1929-1992","status":"publish","type":"product","link":"https:\/\/tecnicalivraria.com\/en\/loja\/architecture\/vivienda-colectiva-en-espana-siglo-xx-1929-1992\/","title":{"rendered":"VIVIENDA COLECTIVA EN ESPA\u00d1A \u2013 SIGLO XX (1929-1992)"},"content":{"rendered":"","protected":false},"excerpt":{"rendered":"<div>\n<p><span><span><span><span><span><strong><span>VIVIENDA COLECTIVA EN ESPA\u00d1A \u2013 SIGLO XX (1929-1992) \u00a0 \u00a0 \u00a0 \u00a0 \u00a0 \u00a0 \u00a0 \u00a0\u00a0                <\/p>\n<p>AUTORES: ANDR\u00c9S C\u00c1NOVAS, CARMEN ESPEGEL, JOS\u00c9 MAR\u00cdA DE LAPUERTA, CARMEN MART\u00cdNEZ ARROYO, RODRIGO PEMJEAN \u00a0 \u00a0 \u00a0 \u00a0 \u00a0 \u00a0 \u00a0 \u00a0 \u00a0 \u00a0                        <br \/>EDITORA: GENERAL DE EDICIONES DE ARQUITECTURA\u00a0\u00a0\u00a0\u00a0\u00a0\u00a0\u00a0\u00a0\u00a0\u00a0\u00a0\u00a0\u00a0\u00a0\u00a0\u00a0\u00a0\u00a0\u00a0\u00a0\u00a0 PRE\u00c7O: 25\u20ac<\/span><\/strong><\/span><\/span><\/span><\/span><\/span><span><br \/><span><span><span><span><span><strong><span><\/p>\n<div>\n<\/div>\n<p><\/span><\/strong><\/span><\/span><\/span><\/span><\/span><\/span><\/p>\n<\/div>\n","protected":false},"featured_media":25238,"comment_status":"open","ping_status":"closed","template":"","meta":{"_acf_changed":false},"product_brand":[],"product_cat":[14749],"product_tag":[],"class_list":{"0":"post-63566","1":"product","2":"type-product","3":"status-publish","4":"has-post-thumbnail","6":"product_cat-architecture","8":"first","9":"instock","10":"sale","11":"taxable","12":"shipping-taxable","13":"purchasable","14":"product-type-simple"},"acf":[],"_links":{"self":[{"href":"https:\/\/tecnicalivraria.com\/en\/wp-json\/wp\/v2\/product\/63566","targetHints":{"allow":["GET"]}}],"collection":[{"href":"https:\/\/tecnicalivraria.com\/en\/wp-json\/wp\/v2\/product"}],"about":[{"href":"https:\/\/tecnicalivraria.com\/en\/wp-json\/wp\/v2\/types\/product"}],"replies":[{"embeddable":true,"href":"https:\/\/tecnicalivraria.com\/en\/wp-json\/wp\/v2\/comments?post=63566"}],"wp:featuredmedia":[{"embeddable":true,"href":"https:\/\/tecnicalivraria.com\/en\/wp-json\/wp\/v2\/media\/25238"}],"wp:attachment":[{"href":"https:\/\/tecnicalivraria.com\/en\/wp-json\/wp\/v2\/media?parent=63566"}],"wp:term":[{"taxonomy":"product_brand","embeddable":true,"href":"https:\/\/tecnicalivraria.com\/en\/wp-json\/wp\/v2\/product_brand?post=63566"},{"taxonomy":"product_cat","embeddable":true,"href":"https:\/\/tecnicalivraria.com\/en\/wp-json\/wp\/v2\/product_cat?post=63566"},{"taxonomy":"product_tag","embeddable":true,"href":"https:\/\/tecnicalivraria.com\/en\/wp-json\/wp\/v2\/product_tag?post=63566"}],"curies":[{"name":"wp","href":"https:\/\/api.w.org\/{rel}","templated":true}]}}