{"id":63573,"date":"2025-05-07T17:23:27","date_gmt":"2025-05-07T17:23:27","guid":{"rendered":"https:\/\/tecnicalivraria.com\/loja\/uncategorized\/alta-de-coimbra-historia-arte-tradicao-gaaceditor-gaac-grupo-de-arqueologia-e-arte-do-centro\/"},"modified":"2025-12-04T19:44:54","modified_gmt":"2025-12-04T19:44:54","slug":"alta-de-coimbra-historia-arte-tradicao-gaaceditor-gaac-grupo-de-arqueologia-e-arte-do-centro","status":"publish","type":"product","link":"https:\/\/tecnicalivraria.com\/en\/loja\/theory-and-history\/alta-de-coimbra-historia-arte-tradicao-gaaceditor-gaac-grupo-de-arqueologia-e-arte-do-centro\/","title":{"rendered":"ALTA DE COIMBRA. HIST\u00d3RIA- ARTE &#8211; TRADI\u00c7\u00c3O \u2013 GAAC"},"content":{"rendered":"","protected":false},"excerpt":{"rendered":"<div>\n<p><span><span><span><span> <span><span><span><strong>ALTA DE COIMBRA. HIST\u00d3RIA- ARTE &#8211; TRADI\u00c7\u00c3O \u2013 GAAC\t<\/p>\n<p>EDITOR: GAAC \u2013 GRUPO DE ARQUEOLOGIA E ARTE DO CENTRO<\/strong><\/span><\/span><\/span><\/span><\/span><\/span><\/span><\/p>\n<\/div>\n","protected":false},"featured_media":43448,"comment_status":"open","ping_status":"closed","template":"","meta":{"_acf_changed":false},"product_brand":[],"product_cat":[14760],"product_tag":[],"class_list":{"0":"post-63573","1":"product","2":"type-product","3":"status-publish","4":"has-post-thumbnail","6":"product_cat-theory-and-history","8":"first","9":"instock","10":"taxable","11":"shipping-taxable","12":"product-type-simple"},"acf":[],"_links":{"self":[{"href":"https:\/\/tecnicalivraria.com\/en\/wp-json\/wp\/v2\/product\/63573","targetHints":{"allow":["GET"]}}],"collection":[{"href":"https:\/\/tecnicalivraria.com\/en\/wp-json\/wp\/v2\/product"}],"about":[{"href":"https:\/\/tecnicalivraria.com\/en\/wp-json\/wp\/v2\/types\/product"}],"replies":[{"embeddable":true,"href":"https:\/\/tecnicalivraria.com\/en\/wp-json\/wp\/v2\/comments?post=63573"}],"wp:featuredmedia":[{"embeddable":true,"href":"https:\/\/tecnicalivraria.com\/en\/wp-json\/wp\/v2\/media\/43448"}],"wp:attachment":[{"href":"https:\/\/tecnicalivraria.com\/en\/wp-json\/wp\/v2\/media?parent=63573"}],"wp:term":[{"taxonomy":"product_brand","embeddable":true,"href":"https:\/\/tecnicalivraria.com\/en\/wp-json\/wp\/v2\/product_brand?post=63573"},{"taxonomy":"product_cat","embeddable":true,"href":"https:\/\/tecnicalivraria.com\/en\/wp-json\/wp\/v2\/product_cat?post=63573"},{"taxonomy":"product_tag","embeddable":true,"href":"https:\/\/tecnicalivraria.com\/en\/wp-json\/wp\/v2\/product_tag?post=63573"}],"curies":[{"name":"wp","href":"https:\/\/api.w.org\/{rel}","templated":true}]}}