{"id":63591,"date":"2020-05-07T17:22:57","date_gmt":"2020-05-07T17:22:57","guid":{"rendered":"https:\/\/tecnicalivraria.com\/loja\/uncategorized\/arquitectura-religiao-e-politica-em-portugal-no-seculo-xviii-a-planta-centralizada\/"},"modified":"2025-12-11T18:12:29","modified_gmt":"2025-12-11T18:12:29","slug":"arquitectura-religiao-e-politica-em-portugal-no-seculo-xviii-a-planta-centralizada","status":"publish","type":"product","link":"https:\/\/tecnicalivraria.com\/en\/loja\/architecture\/arquitectura-religiao-e-politica-em-portugal-no-seculo-xviii-a-planta-centralizada\/","title":{"rendered":"ARQUITECTURA, RELIGI\u00c3O E POL\u00cdTICA EM PORTUGAL NO S\u00c9CULO XVIII, A PLANTA CENTRALIZADA"},"content":{"rendered":"","protected":false},"excerpt":{"rendered":"<div>\n<p>ARQUITECTURA, RELIGI\u00c3O E POL\u00cdTICA EM PORTUGAL NO S\u00c9CULO XVIII, A PLANTA CENTRALIZADA<\/p>\n<p>AUTOR: PAULO VARELA GOMES<br \/>\nEDITORA: FAUP\u00a0 \u00a0 \u00a0ISBN:\u00a09789729483516<\/p>\n<p>DHL INTERNATIONAL AIRMAIL: 3 TO 6 DAYS<br \/>\nENVIOS NACIONAIS DHL DOM\u00c9STICO: 2 A 3 DIAS<\/p>\n<\/div>\n","protected":false},"featured_media":32473,"comment_status":"open","ping_status":"closed","template":"","meta":{"_acf_changed":false},"product_brand":[],"product_cat":[14749],"product_tag":[14751],"class_list":{"0":"post-63591","1":"product","2":"type-product","3":"status-publish","4":"has-post-thumbnail","6":"product_cat-architecture","7":"product_tag-consulta-sem-preco-todos","9":"first","10":"instock","11":"taxable","12":"shipping-taxable","13":"product-type-simple"},"acf":[],"_links":{"self":[{"href":"https:\/\/tecnicalivraria.com\/en\/wp-json\/wp\/v2\/product\/63591","targetHints":{"allow":["GET"]}}],"collection":[{"href":"https:\/\/tecnicalivraria.com\/en\/wp-json\/wp\/v2\/product"}],"about":[{"href":"https:\/\/tecnicalivraria.com\/en\/wp-json\/wp\/v2\/types\/product"}],"replies":[{"embeddable":true,"href":"https:\/\/tecnicalivraria.com\/en\/wp-json\/wp\/v2\/comments?post=63591"}],"wp:featuredmedia":[{"embeddable":true,"href":"https:\/\/tecnicalivraria.com\/en\/wp-json\/wp\/v2\/media\/32473"}],"wp:attachment":[{"href":"https:\/\/tecnicalivraria.com\/en\/wp-json\/wp\/v2\/media?parent=63591"}],"wp:term":[{"taxonomy":"product_brand","embeddable":true,"href":"https:\/\/tecnicalivraria.com\/en\/wp-json\/wp\/v2\/product_brand?post=63591"},{"taxonomy":"product_cat","embeddable":true,"href":"https:\/\/tecnicalivraria.com\/en\/wp-json\/wp\/v2\/product_cat?post=63591"},{"taxonomy":"product_tag","embeddable":true,"href":"https:\/\/tecnicalivraria.com\/en\/wp-json\/wp\/v2\/product_tag?post=63591"}],"curies":[{"name":"wp","href":"https:\/\/api.w.org\/{rel}","templated":true}]}}