{"id":63595,"date":"2025-05-07T17:22:54","date_gmt":"2025-05-07T17:22:54","guid":{"rendered":"https:\/\/tecnicalivraria.com\/loja\/uncategorized\/teoria-geral-da-organizacao-do-espaco-arquitectura-e-urbanismo-a-licao-das-constantes\/"},"modified":"2025-12-04T19:44:45","modified_gmt":"2025-12-04T19:44:45","slug":"teoria-geral-da-organizacao-do-espaco-arquitectura-e-urbanismo-a-licao-das-constantes","status":"publish","type":"product","link":"https:\/\/tecnicalivraria.com\/en\/loja\/theory-and-history\/teoria-geral-da-organizacao-do-espaco-arquitectura-e-urbanismo-a-licao-das-constantes\/","title":{"rendered":"TEORIA GERAL DA ORGANIZA\u00c7\u00c3O DO ESPA\u00c7O: ARQUITECTURA E URBANISMO \u2013 A LI\u00c7\u00c3O DAS CONSTANTES"},"content":{"rendered":"","protected":false},"excerpt":{"rendered":"<div>\n<p><span><span><span><span><span><strong><span>TEORIA GERAL DA ORGANIZA\u00c7\u00c3O DO ESPA\u00c7O: ARQUITECTURA E URBANISMO \u2013 A LI\u00c7\u00c3O DAS CONSTANTES\u00a0\u00a0\u00a0\u00a0\u00a0\u00a0\u00a0\u00a0\u00a0\u00a0\u00a0\u00a0\u00a0\u00a0\u00a0        <\/p>\n<p>AUTOR: FERNANDO T\u00c1VORA\u00a0\u00a0\u00a0\u00a0\u00a0\u00a0\u00a0\u00a0\u00a0\u00a0\u00a0\u00a0                <br \/>EDITORA: FAUP\u00a0\u00a0\u00a0\u00a0\u00a0\u00a0\u00a0\u00a0\u00a0\u00a0\u00a0\u00a0\u00a0\u00a0\u00a0\u00a0\u00a0                 <\/span><\/strong><\/span><\/span><\/span><\/span><br \/><span><span><span><span><strong><span><\/p>\n<div>\n<\/div>\n<p><\/span><\/strong><\/span><\/span><\/span><\/span><\/span><\/p>\n<\/div>\n","protected":false},"featured_media":30883,"comment_status":"open","ping_status":"closed","template":"","meta":{"_acf_changed":false},"product_brand":[],"product_cat":[14760],"product_tag":[],"class_list":{"0":"post-63595","1":"product","2":"type-product","3":"status-publish","4":"has-post-thumbnail","6":"product_cat-theory-and-history","8":"first","9":"instock","10":"sale","11":"taxable","12":"shipping-taxable","13":"purchasable","14":"product-type-simple"},"acf":[],"_links":{"self":[{"href":"https:\/\/tecnicalivraria.com\/en\/wp-json\/wp\/v2\/product\/63595","targetHints":{"allow":["GET"]}}],"collection":[{"href":"https:\/\/tecnicalivraria.com\/en\/wp-json\/wp\/v2\/product"}],"about":[{"href":"https:\/\/tecnicalivraria.com\/en\/wp-json\/wp\/v2\/types\/product"}],"replies":[{"embeddable":true,"href":"https:\/\/tecnicalivraria.com\/en\/wp-json\/wp\/v2\/comments?post=63595"}],"wp:featuredmedia":[{"embeddable":true,"href":"https:\/\/tecnicalivraria.com\/en\/wp-json\/wp\/v2\/media\/30883"}],"wp:attachment":[{"href":"https:\/\/tecnicalivraria.com\/en\/wp-json\/wp\/v2\/media?parent=63595"}],"wp:term":[{"taxonomy":"product_brand","embeddable":true,"href":"https:\/\/tecnicalivraria.com\/en\/wp-json\/wp\/v2\/product_brand?post=63595"},{"taxonomy":"product_cat","embeddable":true,"href":"https:\/\/tecnicalivraria.com\/en\/wp-json\/wp\/v2\/product_cat?post=63595"},{"taxonomy":"product_tag","embeddable":true,"href":"https:\/\/tecnicalivraria.com\/en\/wp-json\/wp\/v2\/product_tag?post=63595"}],"curies":[{"name":"wp","href":"https:\/\/api.w.org\/{rel}","templated":true}]}}