{"id":63599,"date":"2025-05-07T17:22:52","date_gmt":"2025-05-07T17:22:52","guid":{"rendered":"https:\/\/tecnicalivraria.com\/loja\/uncategorized\/juliaan-lampens-1950-1991\/"},"modified":"2025-05-07T17:22:52","modified_gmt":"2025-05-07T17:22:52","slug":"juliaan-lampens-1950-1991","status":"publish","type":"product","link":"https:\/\/tecnicalivraria.com\/en\/loja\/architecture\/juliaan-lampens-1950-1991\/","title":{"rendered":"JULIAAN LAMPENS 1950-1991"},"content":{"rendered":"","protected":false},"excerpt":{"rendered":"<div>\n<p>JULIAAN LAMPENS 1950-1991\u00a0\u00a0 &#8211; New revised and enlarged edition\u00a0 \u00a0\u00a0 <\/p>\n<p>AUTOR: V\u00c1RIOS\u00a0\u00a0\u00a0\u00a0 <br \/>EDITORA: Exhibitions Internacional\u00a0\u00a0\u00a0\u00a0\u00a0 \u00a0 (PORT.) \u00a0 <\/p>\n<p>Cont\u00e9m suplemento com tradu\u00e7\u00e3o em Ingl\u00eas e Franc\u00eas<\/p>\n<\/div>\n","protected":false},"featured_media":34610,"comment_status":"open","ping_status":"closed","template":"","meta":{"_acf_changed":false},"product_brand":[],"product_cat":[14749],"product_tag":[],"class_list":{"0":"post-63599","1":"product","2":"type-product","3":"status-publish","4":"has-post-thumbnail","6":"product_cat-architecture","8":"first","9":"outofstock","10":"sale","11":"taxable","12":"shipping-taxable","13":"purchasable","14":"product-type-simple"},"acf":[],"_links":{"self":[{"href":"https:\/\/tecnicalivraria.com\/en\/wp-json\/wp\/v2\/product\/63599","targetHints":{"allow":["GET"]}}],"collection":[{"href":"https:\/\/tecnicalivraria.com\/en\/wp-json\/wp\/v2\/product"}],"about":[{"href":"https:\/\/tecnicalivraria.com\/en\/wp-json\/wp\/v2\/types\/product"}],"replies":[{"embeddable":true,"href":"https:\/\/tecnicalivraria.com\/en\/wp-json\/wp\/v2\/comments?post=63599"}],"wp:featuredmedia":[{"embeddable":true,"href":"https:\/\/tecnicalivraria.com\/en\/wp-json\/wp\/v2\/media\/34610"}],"wp:attachment":[{"href":"https:\/\/tecnicalivraria.com\/en\/wp-json\/wp\/v2\/media?parent=63599"}],"wp:term":[{"taxonomy":"product_brand","embeddable":true,"href":"https:\/\/tecnicalivraria.com\/en\/wp-json\/wp\/v2\/product_brand?post=63599"},{"taxonomy":"product_cat","embeddable":true,"href":"https:\/\/tecnicalivraria.com\/en\/wp-json\/wp\/v2\/product_cat?post=63599"},{"taxonomy":"product_tag","embeddable":true,"href":"https:\/\/tecnicalivraria.com\/en\/wp-json\/wp\/v2\/product_tag?post=63599"}],"curies":[{"name":"wp","href":"https:\/\/api.w.org\/{rel}","templated":true}]}}