{"id":63624,"date":"2025-05-07T17:22:40","date_gmt":"2025-05-07T17:22:40","guid":{"rendered":"https:\/\/tecnicalivraria.com\/loja\/uncategorized\/alvar-aalto-e-gli-oggetti\/"},"modified":"2025-12-04T19:43:52","modified_gmt":"2025-12-04T19:43:52","slug":"alvar-aalto-e-gli-oggetti","status":"publish","type":"product","link":"https:\/\/tecnicalivraria.com\/en\/loja\/architecture\/alvar-aalto-e-gli-oggetti\/","title":{"rendered":"ALVAR AALTO E GLI OGGETTI"},"content":{"rendered":"","protected":false},"excerpt":{"rendered":"<div>\n<p><span><strong>ALVAR AALTO E GLI OGGETTI \u2013 <\/strong><span><\/p>\n<p>autores: TIMO KEINANEN, PEKKA KORVENMAA, KAARINA MIKONRANTA, \u00c1SD\u00cdS \u00d3LAFSD\u00d3TTIR, <br \/>editor: ELECTA,  \u00a0\u00a0 <\/span><\/span><\/p>\n<\/div>\n","protected":false},"featured_media":33021,"comment_status":"open","ping_status":"closed","template":"","meta":{"_acf_changed":false},"product_brand":[],"product_cat":[14749],"product_tag":[],"class_list":{"0":"post-63624","1":"product","2":"type-product","3":"status-publish","4":"has-post-thumbnail","6":"product_cat-architecture","8":"first","9":"instock","10":"sale","11":"taxable","12":"shipping-taxable","13":"purchasable","14":"product-type-simple"},"acf":[],"_links":{"self":[{"href":"https:\/\/tecnicalivraria.com\/en\/wp-json\/wp\/v2\/product\/63624","targetHints":{"allow":["GET"]}}],"collection":[{"href":"https:\/\/tecnicalivraria.com\/en\/wp-json\/wp\/v2\/product"}],"about":[{"href":"https:\/\/tecnicalivraria.com\/en\/wp-json\/wp\/v2\/types\/product"}],"replies":[{"embeddable":true,"href":"https:\/\/tecnicalivraria.com\/en\/wp-json\/wp\/v2\/comments?post=63624"}],"wp:featuredmedia":[{"embeddable":true,"href":"https:\/\/tecnicalivraria.com\/en\/wp-json\/wp\/v2\/media\/33021"}],"wp:attachment":[{"href":"https:\/\/tecnicalivraria.com\/en\/wp-json\/wp\/v2\/media?parent=63624"}],"wp:term":[{"taxonomy":"product_brand","embeddable":true,"href":"https:\/\/tecnicalivraria.com\/en\/wp-json\/wp\/v2\/product_brand?post=63624"},{"taxonomy":"product_cat","embeddable":true,"href":"https:\/\/tecnicalivraria.com\/en\/wp-json\/wp\/v2\/product_cat?post=63624"},{"taxonomy":"product_tag","embeddable":true,"href":"https:\/\/tecnicalivraria.com\/en\/wp-json\/wp\/v2\/product_tag?post=63624"}],"curies":[{"name":"wp","href":"https:\/\/api.w.org\/{rel}","templated":true}]}}