{"id":63674,"date":"2025-12-02T10:00:59","date_gmt":"2025-12-02T10:00:59","guid":{"rendered":"https:\/\/tecnicalivraria.com\/loja\/uncategorized\/el-croquis-149-experimentos-colectivos-ii\/"},"modified":"2026-03-06T20:00:02","modified_gmt":"2026-03-06T20:00:02","slug":"el-croquis-149-experimentos-colectivos-ii","status":"publish","type":"product","link":"https:\/\/tecnicalivraria.com\/en\/loja\/architecture\/el-croquis-149-experimentos-colectivos-ii\/","title":{"rendered":"EL CROQUIS 149 EXPERIMENTOS COLECTIVOS II"},"content":{"rendered":"","protected":false},"excerpt":{"rendered":"<div>\n<p><span><span><strong>EL CROQUIS 149 EXPERIMENTOS COLECTIVOS II ARQUITECTOS ESPA\u00d1OLES 2010<\/strong><span>, <\/span><\/span><span><strong>(ING\/ESP)<\/strong><\/span><span><em><span><\/p>\n<p>autores dos projectos LUIS MORENO MANSILLA Y EMILIO TU\u00d1\u00d3N, JUAN CARLOS SANCHO OSINAGA Y SOL MADRIDEJOS, JAVIER GARC\u00cdA SOLERA,entre outros\u00a0\u00a0\u00a0\u00a0\u00a0\u00a0 <br \/>editora:EL CROQUIS \u00a0 \u00a0\u00a0 \u00a0\u00a0\u00a0\u00a0\u00a0\u00a0 <\/span><\/em><\/span><span><em><span><br \/><\/span><\/em><\/span><\/span><\/p>\n<\/div>\n","protected":false},"featured_media":35393,"comment_status":"open","ping_status":"closed","template":"","meta":{"_acf_changed":false},"product_brand":[],"product_cat":[14749],"product_tag":[],"class_list":{"0":"post-63674","1":"product","2":"type-product","3":"status-publish","4":"has-post-thumbnail","6":"product_cat-architecture","8":"first","9":"instock","10":"sale","11":"taxable","12":"shipping-taxable","13":"purchasable","14":"product-type-simple"},"acf":[],"_links":{"self":[{"href":"https:\/\/tecnicalivraria.com\/en\/wp-json\/wp\/v2\/product\/63674","targetHints":{"allow":["GET"]}}],"collection":[{"href":"https:\/\/tecnicalivraria.com\/en\/wp-json\/wp\/v2\/product"}],"about":[{"href":"https:\/\/tecnicalivraria.com\/en\/wp-json\/wp\/v2\/types\/product"}],"replies":[{"embeddable":true,"href":"https:\/\/tecnicalivraria.com\/en\/wp-json\/wp\/v2\/comments?post=63674"}],"wp:featuredmedia":[{"embeddable":true,"href":"https:\/\/tecnicalivraria.com\/en\/wp-json\/wp\/v2\/media\/35393"}],"wp:attachment":[{"href":"https:\/\/tecnicalivraria.com\/en\/wp-json\/wp\/v2\/media?parent=63674"}],"wp:term":[{"taxonomy":"product_brand","embeddable":true,"href":"https:\/\/tecnicalivraria.com\/en\/wp-json\/wp\/v2\/product_brand?post=63674"},{"taxonomy":"product_cat","embeddable":true,"href":"https:\/\/tecnicalivraria.com\/en\/wp-json\/wp\/v2\/product_cat?post=63674"},{"taxonomy":"product_tag","embeddable":true,"href":"https:\/\/tecnicalivraria.com\/en\/wp-json\/wp\/v2\/product_tag?post=63674"}],"curies":[{"name":"wp","href":"https:\/\/api.w.org\/{rel}","templated":true}]}}