{"id":63680,"date":"2025-12-02T10:30:57","date_gmt":"2025-12-02T10:30:57","guid":{"rendered":"https:\/\/tecnicalivraria.com\/loja\/uncategorized\/el-croquis-142-practicas-arquitectonicas\/"},"modified":"2026-03-06T20:04:40","modified_gmt":"2026-03-06T20:04:40","slug":"el-croquis-142-practicas-arquitectonicas","status":"publish","type":"product","link":"https:\/\/tecnicalivraria.com\/en\/loja\/architecture\/el-croquis-142-practicas-arquitectonicas\/","title":{"rendered":"EL CROQUIS 142 PRACTICAS ARQUITECTONICAS"},"content":{"rendered":"","protected":false},"excerpt":{"rendered":"<div>\n<p><span><span><strong>EL CROQUIS 142 PRACTICAS ARQUITECTONICAS <\/strong><\/span><span><strong>(ING\/ESP)<\/strong><\/span><strong> <\/strong><span><span>, <\/span><\/span><span><span><\/p>\n<p>autores dos projectos FUENTESANTA NIETO Y ENRIQUE SOBEJANO, SOL MADRIDEJOS Y JUAN CARLOS SANCHO OSINAGA, JES\u00daS IRISARRI Y GUADALUPE PI\u00d1ERA, JAIME COLL Y JUDITH LECLERC, ANT\u00d3N GARC\u00cdA ABRIL, ANDR\u00c9S JAQUE, IGNACIO BORREGO, N\u00c9STOR MONTENEGRO Y LINA TORO. <br \/>editora: EL CROQUIS  \u00a0 <\/span><\/span><\/span><\/p>\n<\/div>\n","protected":false},"featured_media":35239,"comment_status":"open","ping_status":"closed","template":"","meta":{"_acf_changed":false},"product_brand":[],"product_cat":[14749],"product_tag":[],"class_list":{"0":"post-63680","1":"product","2":"type-product","3":"status-publish","4":"has-post-thumbnail","6":"product_cat-architecture","8":"first","9":"instock","10":"sale","11":"taxable","12":"shipping-taxable","13":"purchasable","14":"product-type-simple"},"acf":[],"_links":{"self":[{"href":"https:\/\/tecnicalivraria.com\/en\/wp-json\/wp\/v2\/product\/63680","targetHints":{"allow":["GET"]}}],"collection":[{"href":"https:\/\/tecnicalivraria.com\/en\/wp-json\/wp\/v2\/product"}],"about":[{"href":"https:\/\/tecnicalivraria.com\/en\/wp-json\/wp\/v2\/types\/product"}],"replies":[{"embeddable":true,"href":"https:\/\/tecnicalivraria.com\/en\/wp-json\/wp\/v2\/comments?post=63680"}],"wp:featuredmedia":[{"embeddable":true,"href":"https:\/\/tecnicalivraria.com\/en\/wp-json\/wp\/v2\/media\/35239"}],"wp:attachment":[{"href":"https:\/\/tecnicalivraria.com\/en\/wp-json\/wp\/v2\/media?parent=63680"}],"wp:term":[{"taxonomy":"product_brand","embeddable":true,"href":"https:\/\/tecnicalivraria.com\/en\/wp-json\/wp\/v2\/product_brand?post=63680"},{"taxonomy":"product_cat","embeddable":true,"href":"https:\/\/tecnicalivraria.com\/en\/wp-json\/wp\/v2\/product_cat?post=63680"},{"taxonomy":"product_tag","embeddable":true,"href":"https:\/\/tecnicalivraria.com\/en\/wp-json\/wp\/v2\/product_tag?post=63680"}],"curies":[{"name":"wp","href":"https:\/\/api.w.org\/{rel}","templated":true}]}}