{"id":63683,"date":"2025-12-02T11:10:56","date_gmt":"2025-12-02T11:10:56","guid":{"rendered":"https:\/\/tecnicalivraria.com\/loja\/uncategorized\/el-croquis-136-137-sistemas-de-trabajo-ii\/"},"modified":"2026-03-06T19:58:35","modified_gmt":"2026-03-06T19:58:35","slug":"el-croquis-136-137-sistemas-de-trabajo-ii","status":"publish","type":"product","link":"https:\/\/tecnicalivraria.com\/en\/loja\/architecture\/el-croquis-136-137-sistemas-de-trabajo-ii\/","title":{"rendered":"EL CROQUIS 136\/137 SISTEMAS DE TRABAJO (II)"},"content":{"rendered":"","protected":false},"excerpt":{"rendered":"<div>\n<p><span><span><strong>EL CROQUIS 136\/137 SISTEMAS DE TRABAJO (II)<\/strong><\/span><span><span>,<\/span><\/span><span><em><span> <\/span><\/em><\/span><span><em><strong>(ING\/ESP)<\/strong><\/em><\/span><em><span> <\/span><\/em><span><em><span><\/p>\n<p>autores dos projectos LUIS MORENO MANSILLA Y EMILIO TU\u00d1\u00d3N, EDUARDO ARROYO, JOS\u00c9 SELGAS Y LUC\u00cdA CANO, FUENTESANTA NIETO Y ENRIQUE SOBEJANO, JOS\u00c9 MORALES,<strong>ENTRE entre outros<\/strong><\/span><\/em><\/span><span><strong> <\/strong><\/span><span><br \/>editora:EL CROQUIS \u00a0  <\/span><\/span><\/p>\n<\/div>\n","protected":false},"featured_media":36286,"comment_status":"open","ping_status":"closed","template":"","meta":{"_acf_changed":false},"product_brand":[],"product_cat":[14749],"product_tag":[],"class_list":{"0":"post-63683","1":"product","2":"type-product","3":"status-publish","4":"has-post-thumbnail","6":"product_cat-architecture","8":"first","9":"instock","10":"sale","11":"taxable","12":"shipping-taxable","13":"purchasable","14":"product-type-simple"},"acf":[],"_links":{"self":[{"href":"https:\/\/tecnicalivraria.com\/en\/wp-json\/wp\/v2\/product\/63683","targetHints":{"allow":["GET"]}}],"collection":[{"href":"https:\/\/tecnicalivraria.com\/en\/wp-json\/wp\/v2\/product"}],"about":[{"href":"https:\/\/tecnicalivraria.com\/en\/wp-json\/wp\/v2\/types\/product"}],"replies":[{"embeddable":true,"href":"https:\/\/tecnicalivraria.com\/en\/wp-json\/wp\/v2\/comments?post=63683"}],"wp:featuredmedia":[{"embeddable":true,"href":"https:\/\/tecnicalivraria.com\/en\/wp-json\/wp\/v2\/media\/36286"}],"wp:attachment":[{"href":"https:\/\/tecnicalivraria.com\/en\/wp-json\/wp\/v2\/media?parent=63683"}],"wp:term":[{"taxonomy":"product_brand","embeddable":true,"href":"https:\/\/tecnicalivraria.com\/en\/wp-json\/wp\/v2\/product_brand?post=63683"},{"taxonomy":"product_cat","embeddable":true,"href":"https:\/\/tecnicalivraria.com\/en\/wp-json\/wp\/v2\/product_cat?post=63683"},{"taxonomy":"product_tag","embeddable":true,"href":"https:\/\/tecnicalivraria.com\/en\/wp-json\/wp\/v2\/product_tag?post=63683"}],"curies":[{"name":"wp","href":"https:\/\/api.w.org\/{rel}","templated":true}]}}