{"id":63697,"date":"2025-05-07T17:21:26","date_gmt":"2025-05-07T17:21:26","guid":{"rendered":"https:\/\/tecnicalivraria.com\/loja\/uncategorized\/os-colegios-de-jesus-das-artes-e-de-s-jeronimo-evolucao-e-transformacao-no-espaco-urbano\/"},"modified":"2025-11-11T17:38:18","modified_gmt":"2025-11-11T17:38:18","slug":"os-colegios-de-jesus-das-artes-e-de-s-jeronimo-evolucao-e-transformacao-no-espaco-urbano","status":"publish","type":"product","link":"https:\/\/tecnicalivraria.com\/en\/loja\/architecture\/os-colegios-de-jesus-das-artes-e-de-s-jeronimo-evolucao-e-transformacao-no-espaco-urbano\/","title":{"rendered":"OS COL\u00c9GIOS DE JESUS, DAS ARTES E DE S. JER\u00d3NIMO \u2013 EVOLU\u00c7\u00c3O E TRANSFORMA\u00c7\u00c3O NO ESPA\u00c7O URBANO"},"content":{"rendered":"","protected":false},"excerpt":{"rendered":"<div>\n<p><span><span><span><span><span><strong><span>OS COL\u00c9GIOS DE JESUS, DAS ARTES E DE S. JER\u00d3NIMO \u2013 EVOLU\u00c7\u00c3O E TRANSFORMA\u00c7\u00c3O NO ESPA\u00c7O URBANO\u00a0\u00a0\u00a0\u00a0\u00a0\u00a0     <\/p>\n<p>AUTOR: RUI PEDRO LOBO \u00a0 \u00a0 \u00a0  <br \/>EDITORA: ED ARQ \u00a0 \u00a0\u00a0        \u00a0 \u00a0 \u00a0              <\/span><\/strong><\/span><\/span><\/span><\/span><\/span><\/p>\n<\/div>\n","protected":false},"featured_media":32803,"comment_status":"open","ping_status":"closed","template":"","meta":{"_acf_changed":false},"product_brand":[],"product_cat":[14749],"product_tag":[],"class_list":{"0":"post-63697","1":"product","2":"type-product","3":"status-publish","4":"has-post-thumbnail","6":"product_cat-architecture","8":"first","9":"outofstock","10":"sale","11":"taxable","12":"shipping-taxable","13":"purchasable","14":"product-type-simple"},"acf":[],"_links":{"self":[{"href":"https:\/\/tecnicalivraria.com\/en\/wp-json\/wp\/v2\/product\/63697","targetHints":{"allow":["GET"]}}],"collection":[{"href":"https:\/\/tecnicalivraria.com\/en\/wp-json\/wp\/v2\/product"}],"about":[{"href":"https:\/\/tecnicalivraria.com\/en\/wp-json\/wp\/v2\/types\/product"}],"replies":[{"embeddable":true,"href":"https:\/\/tecnicalivraria.com\/en\/wp-json\/wp\/v2\/comments?post=63697"}],"wp:featuredmedia":[{"embeddable":true,"href":"https:\/\/tecnicalivraria.com\/en\/wp-json\/wp\/v2\/media\/32803"}],"wp:attachment":[{"href":"https:\/\/tecnicalivraria.com\/en\/wp-json\/wp\/v2\/media?parent=63697"}],"wp:term":[{"taxonomy":"product_brand","embeddable":true,"href":"https:\/\/tecnicalivraria.com\/en\/wp-json\/wp\/v2\/product_brand?post=63697"},{"taxonomy":"product_cat","embeddable":true,"href":"https:\/\/tecnicalivraria.com\/en\/wp-json\/wp\/v2\/product_cat?post=63697"},{"taxonomy":"product_tag","embeddable":true,"href":"https:\/\/tecnicalivraria.com\/en\/wp-json\/wp\/v2\/product_tag?post=63697"}],"curies":[{"name":"wp","href":"https:\/\/api.w.org\/{rel}","templated":true}]}}