{"id":63698,"date":"2025-05-07T17:21:25","date_gmt":"2025-05-07T17:21:25","guid":{"rendered":"https:\/\/tecnicalivraria.com\/loja\/uncategorized\/prefabricated-housing-construction-and-design-manual\/"},"modified":"2025-05-07T17:21:25","modified_gmt":"2025-05-07T17:21:25","slug":"prefabricated-housing-construction-and-design-manual","status":"publish","type":"product","link":"https:\/\/tecnicalivraria.com\/en\/loja\/architecture\/prefabricated-housing-construction-and-design-manual\/","title":{"rendered":"PREFABRICATED HOUSING: CONSTRUCTION AND DESIGN MANUAL"},"content":{"rendered":"","protected":false},"excerpt":{"rendered":"<div>\n<p><span>T\u00cdTULO:PREFABRICATED HOUSING: CONSTRUCTION AND DESIGN MANUAL\u00a0 (2 VOLUMES) \u00a0\u00a0\u00a0 <\/p>\n<p>AUTOR: V\u00c1RIOS\u00a0\u00a0\u00a0\u00a0\u00a0 <br \/>EDITORA: DOM\u00a0\u00a0\u00a0\u00a0\u00a0\u00a0\u00a0 \u00a0\u00a0\u00a0\u00a0\u00a0 <\/span><\/p>\n<p><span><\/p>\n<div>\n<h3>O c\u00f3digo do produto (%s) n\u00e3o est\u00e1 dispon\u00edvel.<\/h3>\n<\/div>\n<p><\/span><\/p>\n<\/div>\n","protected":false},"featured_media":33360,"comment_status":"open","ping_status":"closed","template":"","meta":{"_acf_changed":false},"product_brand":[],"product_cat":[14749],"product_tag":[],"class_list":{"0":"post-63698","1":"product","2":"type-product","3":"status-publish","4":"has-post-thumbnail","6":"product_cat-architecture","8":"first","9":"outofstock","10":"sale","11":"taxable","12":"shipping-taxable","13":"purchasable","14":"product-type-simple"},"acf":[],"_links":{"self":[{"href":"https:\/\/tecnicalivraria.com\/en\/wp-json\/wp\/v2\/product\/63698","targetHints":{"allow":["GET"]}}],"collection":[{"href":"https:\/\/tecnicalivraria.com\/en\/wp-json\/wp\/v2\/product"}],"about":[{"href":"https:\/\/tecnicalivraria.com\/en\/wp-json\/wp\/v2\/types\/product"}],"replies":[{"embeddable":true,"href":"https:\/\/tecnicalivraria.com\/en\/wp-json\/wp\/v2\/comments?post=63698"}],"wp:featuredmedia":[{"embeddable":true,"href":"https:\/\/tecnicalivraria.com\/en\/wp-json\/wp\/v2\/media\/33360"}],"wp:attachment":[{"href":"https:\/\/tecnicalivraria.com\/en\/wp-json\/wp\/v2\/media?parent=63698"}],"wp:term":[{"taxonomy":"product_brand","embeddable":true,"href":"https:\/\/tecnicalivraria.com\/en\/wp-json\/wp\/v2\/product_brand?post=63698"},{"taxonomy":"product_cat","embeddable":true,"href":"https:\/\/tecnicalivraria.com\/en\/wp-json\/wp\/v2\/product_cat?post=63698"},{"taxonomy":"product_tag","embeddable":true,"href":"https:\/\/tecnicalivraria.com\/en\/wp-json\/wp\/v2\/product_tag?post=63698"}],"curies":[{"name":"wp","href":"https:\/\/api.w.org\/{rel}","templated":true}]}}