{"id":63762,"date":"2025-05-07T17:20:29","date_gmt":"2025-05-07T17:20:29","guid":{"rendered":"https:\/\/tecnicalivraria.com\/loja\/uncategorized\/degustacoes-gratuitas-da-desconstrucao-a-fotografia-mies-van-der-rohe-e-o-pavilhao-de-barcelona\/"},"modified":"2025-12-11T16:41:45","modified_gmt":"2025-12-11T16:41:45","slug":"degustacoes-gratuitas-da-desconstrucao-a-fotografia-mies-van-der-rohe-e-o-pavilhao-de-barcelona","status":"publish","type":"product","link":"https:\/\/tecnicalivraria.com\/en\/loja\/theory-and-history\/degustacoes-gratuitas-da-desconstrucao-a-fotografia-mies-van-der-rohe-e-o-pavilhao-de-barcelona\/","title":{"rendered":"DEGUSTA\u00c7\u00d5ES GRATUITAS &#8211; DA DESCONSTRU\u00c7\u00c3O, A FOTOGRAFIA, MIES VAN DER ROHE, E O PAVILH\u00c3O DE BARCELONA"},"content":{"rendered":"","protected":false},"excerpt":{"rendered":"<div>\n<p>DEGUSTA\u00c7\u00d5ES GRATUITAS &#8211; DA DESCONSTRU\u00c7\u00c3O, A FOTOGRAFIA, MIES VAN DER ROHE, E O PAVILH\u00c3O DE BARCELONA<\/p>\n<p>AUTOR: JOS\u00c9 VELA CASTILLO<br \/>\nEDITORA: CASA DA ARQUITECTURA<\/p>\n<\/div>\n","protected":false},"featured_media":43448,"comment_status":"open","ping_status":"closed","template":"","meta":{"_acf_changed":false},"product_brand":[],"product_cat":[14760],"product_tag":[],"class_list":{"0":"post-63762","1":"product","2":"type-product","3":"status-publish","4":"has-post-thumbnail","6":"product_cat-theory-and-history","8":"first","9":"instock","10":"sale","11":"taxable","12":"shipping-taxable","13":"purchasable","14":"product-type-simple"},"acf":[],"_links":{"self":[{"href":"https:\/\/tecnicalivraria.com\/en\/wp-json\/wp\/v2\/product\/63762","targetHints":{"allow":["GET"]}}],"collection":[{"href":"https:\/\/tecnicalivraria.com\/en\/wp-json\/wp\/v2\/product"}],"about":[{"href":"https:\/\/tecnicalivraria.com\/en\/wp-json\/wp\/v2\/types\/product"}],"replies":[{"embeddable":true,"href":"https:\/\/tecnicalivraria.com\/en\/wp-json\/wp\/v2\/comments?post=63762"}],"wp:featuredmedia":[{"embeddable":true,"href":"https:\/\/tecnicalivraria.com\/en\/wp-json\/wp\/v2\/media\/43448"}],"wp:attachment":[{"href":"https:\/\/tecnicalivraria.com\/en\/wp-json\/wp\/v2\/media?parent=63762"}],"wp:term":[{"taxonomy":"product_brand","embeddable":true,"href":"https:\/\/tecnicalivraria.com\/en\/wp-json\/wp\/v2\/product_brand?post=63762"},{"taxonomy":"product_cat","embeddable":true,"href":"https:\/\/tecnicalivraria.com\/en\/wp-json\/wp\/v2\/product_cat?post=63762"},{"taxonomy":"product_tag","embeddable":true,"href":"https:\/\/tecnicalivraria.com\/en\/wp-json\/wp\/v2\/product_tag?post=63762"}],"curies":[{"name":"wp","href":"https:\/\/api.w.org\/{rel}","templated":true}]}}