{"id":63768,"date":"2025-05-07T17:20:24","date_gmt":"2025-05-07T17:20:24","guid":{"rendered":"https:\/\/tecnicalivraria.com\/loja\/uncategorized\/a-escala-humana-planeamento-urbano-e-arquitectura-de-habitacao-em-olivais-sul\/"},"modified":"2025-05-07T17:20:24","modified_gmt":"2025-05-07T17:20:24","slug":"a-escala-humana-planeamento-urbano-e-arquitectura-de-habitacao-em-olivais-sul","status":"publish","type":"product","link":"https:\/\/tecnicalivraria.com\/en\/loja\/urbanism-landscape\/a-escala-humana-planeamento-urbano-e-arquitectura-de-habitacao-em-olivais-sul\/","title":{"rendered":"\u00c0 ESCALA HUMANA- PLANEAMENTO URBANO E ARQUITECTURA DE HABITA\u00c7\u00c3O EM OLIVAIS SUL"},"content":{"rendered":"","protected":false},"excerpt":{"rendered":"<div>\n<p><strong>\u00c0 ESCALA HUMANA- PLANEAMENTO URBANO E ARQUITECTURA DE HABITA\u00c7\u00c3O EM OLIVAIS SUL (LISBOA, 1959-1969)<\/strong>, <em><\/p>\n<p>autor:JOAO PEDRO SILVA NUNES,<br \/>\neditor: CAMARA MUNICIPAL DE LISBOA<\/em><\/p>\n<\/div>\n","protected":false},"featured_media":43448,"comment_status":"open","ping_status":"closed","template":"","meta":{"_acf_changed":false},"product_brand":[],"product_cat":[14761],"product_tag":[],"class_list":{"0":"post-63768","1":"product","2":"type-product","3":"status-publish","4":"has-post-thumbnail","6":"product_cat-urbanism-landscape","8":"first","9":"outofstock","10":"sale","11":"taxable","12":"shipping-taxable","13":"purchasable","14":"product-type-simple"},"acf":[],"_links":{"self":[{"href":"https:\/\/tecnicalivraria.com\/en\/wp-json\/wp\/v2\/product\/63768","targetHints":{"allow":["GET"]}}],"collection":[{"href":"https:\/\/tecnicalivraria.com\/en\/wp-json\/wp\/v2\/product"}],"about":[{"href":"https:\/\/tecnicalivraria.com\/en\/wp-json\/wp\/v2\/types\/product"}],"replies":[{"embeddable":true,"href":"https:\/\/tecnicalivraria.com\/en\/wp-json\/wp\/v2\/comments?post=63768"}],"wp:featuredmedia":[{"embeddable":true,"href":"https:\/\/tecnicalivraria.com\/en\/wp-json\/wp\/v2\/media\/43448"}],"wp:attachment":[{"href":"https:\/\/tecnicalivraria.com\/en\/wp-json\/wp\/v2\/media?parent=63768"}],"wp:term":[{"taxonomy":"product_brand","embeddable":true,"href":"https:\/\/tecnicalivraria.com\/en\/wp-json\/wp\/v2\/product_brand?post=63768"},{"taxonomy":"product_cat","embeddable":true,"href":"https:\/\/tecnicalivraria.com\/en\/wp-json\/wp\/v2\/product_cat?post=63768"},{"taxonomy":"product_tag","embeddable":true,"href":"https:\/\/tecnicalivraria.com\/en\/wp-json\/wp\/v2\/product_tag?post=63768"}],"curies":[{"name":"wp","href":"https:\/\/api.w.org\/{rel}","templated":true}]}}