{"id":63826,"date":"2025-05-07T17:19:35","date_gmt":"2025-05-07T17:19:35","guid":{"rendered":"https:\/\/tecnicalivraria.com\/loja\/uncategorized\/c3-316-new-houses-in-portugal-a-jorney-in-the-shadow-building-urban-identity\/"},"modified":"2026-03-18T12:08:26","modified_gmt":"2026-03-18T12:08:26","slug":"c3-316-new-houses-in-portugal-a-jorney-in-the-shadow-building-urban-identity","status":"publish","type":"product","link":"https:\/\/tecnicalivraria.com\/en\/loja\/architecture\/c3-316-new-houses-in-portugal-a-jorney-in-the-shadow-building-urban-identity\/","title":{"rendered":"C3  316 &#8211; NEW HOUSES IN PORTUGAL \/  A JORNEY IN THE SHADOW\/ BUILDING URBAN IDENTITY"},"content":{"rendered":"","protected":false},"excerpt":{"rendered":"<div>\n<p><strong>C3 316 &#8211; NEW HOUSES IN PORTUGAL \/ A JORNEY IN THE SHADOW\/ BUILDING URBAN IDENTITY PROJECTOS PORTUGUESES: M\u00c1RIO MARTINS, BAK GORDON, JORGE MEALHA, \u00c1LVARO LEITE SIZA VIEIRA, MANUEL GRA\u00c7A DIAS<\/p>\n<p>EDITORA: C3\u00a0<\/strong><\/p>\n<div><\/div>\n<p>&nbsp;<\/p>\n<\/div>\n","protected":false},"featured_media":36555,"comment_status":"open","ping_status":"closed","template":"","meta":{"_acf_changed":false},"product_brand":[],"product_cat":[14749],"product_tag":[],"class_list":{"0":"post-63826","1":"product","2":"type-product","3":"status-publish","4":"has-post-thumbnail","6":"product_cat-architecture","8":"first","9":"outofstock","10":"sale","11":"taxable","12":"shipping-taxable","13":"purchasable","14":"product-type-simple"},"acf":[],"_links":{"self":[{"href":"https:\/\/tecnicalivraria.com\/en\/wp-json\/wp\/v2\/product\/63826","targetHints":{"allow":["GET"]}}],"collection":[{"href":"https:\/\/tecnicalivraria.com\/en\/wp-json\/wp\/v2\/product"}],"about":[{"href":"https:\/\/tecnicalivraria.com\/en\/wp-json\/wp\/v2\/types\/product"}],"replies":[{"embeddable":true,"href":"https:\/\/tecnicalivraria.com\/en\/wp-json\/wp\/v2\/comments?post=63826"}],"wp:featuredmedia":[{"embeddable":true,"href":"https:\/\/tecnicalivraria.com\/en\/wp-json\/wp\/v2\/media\/36555"}],"wp:attachment":[{"href":"https:\/\/tecnicalivraria.com\/en\/wp-json\/wp\/v2\/media?parent=63826"}],"wp:term":[{"taxonomy":"product_brand","embeddable":true,"href":"https:\/\/tecnicalivraria.com\/en\/wp-json\/wp\/v2\/product_brand?post=63826"},{"taxonomy":"product_cat","embeddable":true,"href":"https:\/\/tecnicalivraria.com\/en\/wp-json\/wp\/v2\/product_cat?post=63826"},{"taxonomy":"product_tag","embeddable":true,"href":"https:\/\/tecnicalivraria.com\/en\/wp-json\/wp\/v2\/product_tag?post=63826"}],"curies":[{"name":"wp","href":"https:\/\/api.w.org\/{rel}","templated":true}]}}