{"id":63862,"date":"2025-05-07T17:18:54","date_gmt":"2025-05-07T17:18:54","guid":{"rendered":"https:\/\/tecnicalivraria.com\/loja\/uncategorized\/le-corbusier-the-villa-savoye\/"},"modified":"2025-11-06T19:24:01","modified_gmt":"2025-11-06T19:24:01","slug":"le-corbusier-the-villa-savoye","status":"publish","type":"product","link":"https:\/\/tecnicalivraria.com\/en\/loja\/architecture\/le-corbusier-the-villa-savoye\/","title":{"rendered":"LE CORBUSIER \u2013 THE VILLA SAVOYE"},"content":{"rendered":"","protected":false},"excerpt":{"rendered":"<div>\n<p>LE CORBUSIER \u2013 THE VILLA SAVOYE \u2013 <\/p>\n<p>autor: JACQUES SBRIGLIO, <br \/>editor: BIRKHAUSER, \u00a0 <\/p>\n<div>\n<h3>O c\u00f3digo do produto (%s) n\u00e3o est\u00e1 dispon\u00edvel.<\/h3>\n<\/div>\n<\/div>\n","protected":false},"featured_media":43448,"comment_status":"open","ping_status":"closed","template":"","meta":{"_acf_changed":false},"product_brand":[],"product_cat":[14749],"product_tag":[],"class_list":{"0":"post-63862","1":"product","2":"type-product","3":"status-publish","4":"has-post-thumbnail","6":"product_cat-architecture","8":"first","9":"outofstock","10":"sale","11":"taxable","12":"shipping-taxable","13":"purchasable","14":"product-type-simple"},"acf":[],"_links":{"self":[{"href":"https:\/\/tecnicalivraria.com\/en\/wp-json\/wp\/v2\/product\/63862","targetHints":{"allow":["GET"]}}],"collection":[{"href":"https:\/\/tecnicalivraria.com\/en\/wp-json\/wp\/v2\/product"}],"about":[{"href":"https:\/\/tecnicalivraria.com\/en\/wp-json\/wp\/v2\/types\/product"}],"replies":[{"embeddable":true,"href":"https:\/\/tecnicalivraria.com\/en\/wp-json\/wp\/v2\/comments?post=63862"}],"wp:featuredmedia":[{"embeddable":true,"href":"https:\/\/tecnicalivraria.com\/en\/wp-json\/wp\/v2\/media\/43448"}],"wp:attachment":[{"href":"https:\/\/tecnicalivraria.com\/en\/wp-json\/wp\/v2\/media?parent=63862"}],"wp:term":[{"taxonomy":"product_brand","embeddable":true,"href":"https:\/\/tecnicalivraria.com\/en\/wp-json\/wp\/v2\/product_brand?post=63862"},{"taxonomy":"product_cat","embeddable":true,"href":"https:\/\/tecnicalivraria.com\/en\/wp-json\/wp\/v2\/product_cat?post=63862"},{"taxonomy":"product_tag","embeddable":true,"href":"https:\/\/tecnicalivraria.com\/en\/wp-json\/wp\/v2\/product_tag?post=63862"}],"curies":[{"name":"wp","href":"https:\/\/api.w.org\/{rel}","templated":true}]}}