{"id":63990,"date":"2022-05-07T17:16:49","date_gmt":"2022-05-07T17:16:49","guid":{"rendered":"https:\/\/tecnicalivraria.com\/loja\/uncategorized\/au-565-american-architecture-1945-1970-beginning-of-the-modern-architecture\/"},"modified":"2026-03-18T14:29:28","modified_gmt":"2026-03-18T14:29:28","slug":"au-565-american-architecture-1945-1970-beginning-of-the-modern-architecture","status":"publish","type":"product","link":"https:\/\/tecnicalivraria.com\/en\/loja\/architecture\/au-565-american-architecture-1945-1970-beginning-of-the-modern-architecture\/","title":{"rendered":"a+u 565 American Architecture 1945-1970 &#8211; Beginning Of The Modern Architecture"},"content":{"rendered":"","protected":false},"excerpt":{"rendered":"<div>\n<p>A+U\u00a0 565\u00a0\u00a0 American Architecture 1945-1970 &#8211; Beginning Of The Modern Architecture\u00a0\u00a0\u00a0\u00a0\u00a0\u00a0 <\/p>\n<p>AUTOR: V\u00c1RIOS\u00a0\u00a0\u00a0\u00a0\u00a0 <br \/>EDITORA: A+U\u00a0\u00a0\u00a0\u00a0 \u00a0\u00a0\u00a0\u00a0 \u00a0 (EDI\u00c7\u00c3O COM MAIS P\u00c1GINAS QUE O HABITUAL)<\/p>\n<\/div>\n","protected":false},"featured_media":33274,"comment_status":"open","ping_status":"closed","template":"","meta":{"_acf_changed":false},"product_brand":[],"product_cat":[14749],"product_tag":[],"class_list":{"0":"post-63990","1":"product","2":"type-product","3":"status-publish","4":"has-post-thumbnail","6":"product_cat-architecture","8":"first","9":"instock","10":"sale","11":"taxable","12":"shipping-taxable","13":"purchasable","14":"product-type-simple"},"acf":[],"_links":{"self":[{"href":"https:\/\/tecnicalivraria.com\/en\/wp-json\/wp\/v2\/product\/63990","targetHints":{"allow":["GET"]}}],"collection":[{"href":"https:\/\/tecnicalivraria.com\/en\/wp-json\/wp\/v2\/product"}],"about":[{"href":"https:\/\/tecnicalivraria.com\/en\/wp-json\/wp\/v2\/types\/product"}],"replies":[{"embeddable":true,"href":"https:\/\/tecnicalivraria.com\/en\/wp-json\/wp\/v2\/comments?post=63990"}],"wp:featuredmedia":[{"embeddable":true,"href":"https:\/\/tecnicalivraria.com\/en\/wp-json\/wp\/v2\/media\/33274"}],"wp:attachment":[{"href":"https:\/\/tecnicalivraria.com\/en\/wp-json\/wp\/v2\/media?parent=63990"}],"wp:term":[{"taxonomy":"product_brand","embeddable":true,"href":"https:\/\/tecnicalivraria.com\/en\/wp-json\/wp\/v2\/product_brand?post=63990"},{"taxonomy":"product_cat","embeddable":true,"href":"https:\/\/tecnicalivraria.com\/en\/wp-json\/wp\/v2\/product_cat?post=63990"},{"taxonomy":"product_tag","embeddable":true,"href":"https:\/\/tecnicalivraria.com\/en\/wp-json\/wp\/v2\/product_tag?post=63990"}],"curies":[{"name":"wp","href":"https:\/\/api.w.org\/{rel}","templated":true}]}}