{"id":64015,"date":"2025-05-07T17:16:36","date_gmt":"2025-05-07T17:16:36","guid":{"rendered":"https:\/\/tecnicalivraria.com\/loja\/uncategorized\/at-57-generosity-housing-design-strategies-the-experience-of-exteriority\/"},"modified":"2025-11-11T18:13:18","modified_gmt":"2025-11-11T18:13:18","slug":"at-57-generosity-housing-design-strategies-the-experience-of-exteriority","status":"publish","type":"product","link":"https:\/\/tecnicalivraria.com\/en\/loja\/architecture\/at-57-generosity-housing-design-strategies-the-experience-of-exteriority\/","title":{"rendered":"A+T 57: GENEROSITY, HOUSING DESIGN STRATEGIES. THE EXPERIENCE OF EXTERIORITY"},"content":{"rendered":"","protected":false},"excerpt":{"rendered":"<div>\n<p><span>A+T 57: GENEROSITY, HOUSING DESIGN STRATEGIES. THE EXPERIENCE OF EXTERIORITY <\/span> <span><\/p>\n<p>AUTOR: V\u00c1RIOS\u00a0\u00a0\u00a0 <br \/>EDITORA: A+T ARCHITECTURE PUBLISHERS \u00a0\u00a0 \u00a0\u00a0\u00a0 <\/span><\/p>\n<div>\n<h3>O c\u00f3digo do produto (%s) n\u00e3o est\u00e1 dispon\u00edvel.<\/h3>\n<\/div>\n<\/div>\n","protected":false},"featured_media":34026,"comment_status":"open","ping_status":"closed","template":"","meta":{"_acf_changed":false},"product_brand":[],"product_cat":[14749],"product_tag":[],"class_list":{"0":"post-64015","1":"product","2":"type-product","3":"status-publish","4":"has-post-thumbnail","6":"product_cat-architecture","8":"first","9":"outofstock","10":"sale","11":"taxable","12":"shipping-taxable","13":"purchasable","14":"product-type-simple"},"acf":[],"_links":{"self":[{"href":"https:\/\/tecnicalivraria.com\/en\/wp-json\/wp\/v2\/product\/64015","targetHints":{"allow":["GET"]}}],"collection":[{"href":"https:\/\/tecnicalivraria.com\/en\/wp-json\/wp\/v2\/product"}],"about":[{"href":"https:\/\/tecnicalivraria.com\/en\/wp-json\/wp\/v2\/types\/product"}],"replies":[{"embeddable":true,"href":"https:\/\/tecnicalivraria.com\/en\/wp-json\/wp\/v2\/comments?post=64015"}],"wp:featuredmedia":[{"embeddable":true,"href":"https:\/\/tecnicalivraria.com\/en\/wp-json\/wp\/v2\/media\/34026"}],"wp:attachment":[{"href":"https:\/\/tecnicalivraria.com\/en\/wp-json\/wp\/v2\/media?parent=64015"}],"wp:term":[{"taxonomy":"product_brand","embeddable":true,"href":"https:\/\/tecnicalivraria.com\/en\/wp-json\/wp\/v2\/product_brand?post=64015"},{"taxonomy":"product_cat","embeddable":true,"href":"https:\/\/tecnicalivraria.com\/en\/wp-json\/wp\/v2\/product_cat?post=64015"},{"taxonomy":"product_tag","embeddable":true,"href":"https:\/\/tecnicalivraria.com\/en\/wp-json\/wp\/v2\/product_tag?post=64015"}],"curies":[{"name":"wp","href":"https:\/\/api.w.org\/{rel}","templated":true}]}}