{"id":64102,"date":"2025-01-11T22:03:38","date_gmt":"2025-01-11T22:03:38","guid":{"rendered":"https:\/\/tecnicalivraria.com\/loja\/uncategorized\/arquitectura-crisis-critica-radical-para-una-critica-de-la-ideologia-arquitectonica\/"},"modified":"2025-01-11T22:03:38","modified_gmt":"2025-01-11T22:03:38","slug":"arquitectura-crisis-critica-radical-para-una-critica-de-la-ideologia-arquitectonica","status":"publish","type":"product","link":"https:\/\/tecnicalivraria.com\/en\/loja\/architecture\/arquitectura-crisis-critica-radical-para-una-critica-de-la-ideologia-arquitectonica\/","title":{"rendered":"Arquitectura, Crisis, Cr\u00edtica Radical: Para una Cr\u00edtica de la Ideolog\u00eda Arquitect\u00f3nica"},"content":{"rendered":"","protected":false},"excerpt":{"rendered":"<div>\n<p>Crisis, Cr\u00edtica Radical: Para una Cr\u00edtica de la Ideolog\u00eda Arquitect\u00f3nica\u00a0\u00a0\u00a0\u00a0\u00a0\u00a0\u00a0\u00a0\u00a0\u00a0 <\/p>\n<p>AUTOR: PAU DE SOLA-MORALES\u00a0\u00a0\u00a0\u00a0\u00a0\u00a0\u00a0\u00a0\u00a0 <br \/>EDITORA: VIBOK WORDS\u00a0\u00a0\u00a0\u00a0\u00a0\u00a0  &#8212; CHAMAMOS A SUA ATEN\u00c7\u00c3O PARA O FACTO DE NA LIVRARIA ESTAREM CERCA DE     4000  LIVROS DE ARQUITECTURA E NO SITE APENAS 1900.\u00a0 A QUEST\u00c3O     ESTENDE-SE \u00c0S  NOVIDADES.<\/p>\n<\/div>\n","protected":false},"featured_media":32440,"comment_status":"open","ping_status":"closed","template":"","meta":{"_acf_changed":false},"product_brand":[],"product_cat":[14749,14760],"product_tag":[],"class_list":{"0":"post-64102","1":"product","2":"type-product","3":"status-publish","4":"has-post-thumbnail","6":"product_cat-architecture","7":"product_cat-theory-and-history","9":"first","10":"outofstock","11":"sale","12":"taxable","13":"shipping-taxable","14":"purchasable","15":"product-type-simple"},"acf":[],"_links":{"self":[{"href":"https:\/\/tecnicalivraria.com\/en\/wp-json\/wp\/v2\/product\/64102","targetHints":{"allow":["GET"]}}],"collection":[{"href":"https:\/\/tecnicalivraria.com\/en\/wp-json\/wp\/v2\/product"}],"about":[{"href":"https:\/\/tecnicalivraria.com\/en\/wp-json\/wp\/v2\/types\/product"}],"replies":[{"embeddable":true,"href":"https:\/\/tecnicalivraria.com\/en\/wp-json\/wp\/v2\/comments?post=64102"}],"wp:featuredmedia":[{"embeddable":true,"href":"https:\/\/tecnicalivraria.com\/en\/wp-json\/wp\/v2\/media\/32440"}],"wp:attachment":[{"href":"https:\/\/tecnicalivraria.com\/en\/wp-json\/wp\/v2\/media?parent=64102"}],"wp:term":[{"taxonomy":"product_brand","embeddable":true,"href":"https:\/\/tecnicalivraria.com\/en\/wp-json\/wp\/v2\/product_brand?post=64102"},{"taxonomy":"product_cat","embeddable":true,"href":"https:\/\/tecnicalivraria.com\/en\/wp-json\/wp\/v2\/product_cat?post=64102"},{"taxonomy":"product_tag","embeddable":true,"href":"https:\/\/tecnicalivraria.com\/en\/wp-json\/wp\/v2\/product_tag?post=64102"}],"curies":[{"name":"wp","href":"https:\/\/api.w.org\/{rel}","templated":true}]}}