{"id":64106,"date":"2025-01-10T15:50:28","date_gmt":"2025-01-10T15:50:28","guid":{"rendered":"https:\/\/tecnicalivraria.com\/loja\/uncategorized\/alvaro-siza-e-eduardo-souto-de-moura-pavilhao-de-portugal\/"},"modified":"2025-12-04T21:50:56","modified_gmt":"2025-12-04T21:50:56","slug":"alvaro-siza-e-eduardo-souto-de-moura-pavilhao-de-portugal","status":"publish","type":"product","link":"https:\/\/tecnicalivraria.com\/en\/loja\/architecture\/alvaro-siza-e-eduardo-souto-de-moura-pavilhao-de-portugal\/","title":{"rendered":"\u00c1LVARO SIZA E EDUARDO SOUTO DE MOURA &#8211; PAVILH\u00c3O DE PORTUGAL"},"content":{"rendered":"","protected":false},"excerpt":{"rendered":"<p>\u00c1LVARO SIZA E EDUARDO SOUTO DE MOURA &#8211; PAVILH\u00c3O DE PORTUGAL<\/p>\n<p>AUTOR: V\u00c1RIOS\u00a0 \u00a0 \u00a0EDITOR:CIMPOR<\/p>\n","protected":false},"featured_media":62061,"comment_status":"open","ping_status":"closed","template":"","meta":{"_acf_changed":false},"product_brand":[],"product_cat":[14749],"product_tag":[],"class_list":{"0":"post-64106","1":"product","2":"type-product","3":"status-publish","4":"has-post-thumbnail","6":"product_cat-architecture","8":"first","9":"instock","10":"taxable","11":"shipping-taxable","12":"purchasable","13":"product-type-simple"},"acf":[],"_links":{"self":[{"href":"https:\/\/tecnicalivraria.com\/en\/wp-json\/wp\/v2\/product\/64106","targetHints":{"allow":["GET"]}}],"collection":[{"href":"https:\/\/tecnicalivraria.com\/en\/wp-json\/wp\/v2\/product"}],"about":[{"href":"https:\/\/tecnicalivraria.com\/en\/wp-json\/wp\/v2\/types\/product"}],"replies":[{"embeddable":true,"href":"https:\/\/tecnicalivraria.com\/en\/wp-json\/wp\/v2\/comments?post=64106"}],"wp:featuredmedia":[{"embeddable":true,"href":"https:\/\/tecnicalivraria.com\/en\/wp-json\/wp\/v2\/media\/62061"}],"wp:attachment":[{"href":"https:\/\/tecnicalivraria.com\/en\/wp-json\/wp\/v2\/media?parent=64106"}],"wp:term":[{"taxonomy":"product_brand","embeddable":true,"href":"https:\/\/tecnicalivraria.com\/en\/wp-json\/wp\/v2\/product_brand?post=64106"},{"taxonomy":"product_cat","embeddable":true,"href":"https:\/\/tecnicalivraria.com\/en\/wp-json\/wp\/v2\/product_cat?post=64106"},{"taxonomy":"product_tag","embeddable":true,"href":"https:\/\/tecnicalivraria.com\/en\/wp-json\/wp\/v2\/product_tag?post=64106"}],"curies":[{"name":"wp","href":"https:\/\/api.w.org\/{rel}","templated":true}]}}