{"id":64114,"date":"2025-01-07T17:34:57","date_gmt":"2025-01-07T17:34:57","guid":{"rendered":"https:\/\/tecnicalivraria.com\/loja\/uncategorized\/santa-maria-do-bouro-eduardo-souto-de-moura\/"},"modified":"2025-01-07T17:34:57","modified_gmt":"2025-01-07T17:34:57","slug":"santa-maria-do-bouro-eduardo-souto-de-moura","status":"publish","type":"product","link":"https:\/\/tecnicalivraria.com\/en\/loja\/architecture\/santa-maria-do-bouro-eduardo-souto-de-moura\/","title":{"rendered":"SANTA MARIA DO BOURO &#8211; eduardo souto de moura"},"content":{"rendered":"","protected":false},"excerpt":{"rendered":"<div>\n<p><span><span>SANTA MARIA DO BOURO &#8211; eduardo souto de moura \u00a0 \u00a0   <\/p>\n<p>autor:JUAN HERN\u00c1NDEZ LE\u00d3N, ROBERTO COLLOV\u00c0 e LU\u00cdS FONTES\u00a0\u00a0\u00a0\u00a0\u00a0\u00a0 <br \/>Editora: WHITE &amp; BLUE\u00a0\u00a0\u00a0\u00a0\u00a0\u00a0  \u00a0 \u00a0 \u00a0 <\/span><\/span><\/p>\n<\/div>\n","protected":false},"featured_media":31697,"comment_status":"open","ping_status":"closed","template":"","meta":{"_acf_changed":false},"product_brand":[],"product_cat":[14749],"product_tag":[],"class_list":{"0":"post-64114","1":"product","2":"type-product","3":"status-publish","4":"has-post-thumbnail","6":"product_cat-architecture","8":"first","9":"outofstock","10":"sale","11":"taxable","12":"shipping-taxable","13":"purchasable","14":"product-type-simple"},"acf":[],"_links":{"self":[{"href":"https:\/\/tecnicalivraria.com\/en\/wp-json\/wp\/v2\/product\/64114","targetHints":{"allow":["GET"]}}],"collection":[{"href":"https:\/\/tecnicalivraria.com\/en\/wp-json\/wp\/v2\/product"}],"about":[{"href":"https:\/\/tecnicalivraria.com\/en\/wp-json\/wp\/v2\/types\/product"}],"replies":[{"embeddable":true,"href":"https:\/\/tecnicalivraria.com\/en\/wp-json\/wp\/v2\/comments?post=64114"}],"wp:featuredmedia":[{"embeddable":true,"href":"https:\/\/tecnicalivraria.com\/en\/wp-json\/wp\/v2\/media\/31697"}],"wp:attachment":[{"href":"https:\/\/tecnicalivraria.com\/en\/wp-json\/wp\/v2\/media?parent=64114"}],"wp:term":[{"taxonomy":"product_brand","embeddable":true,"href":"https:\/\/tecnicalivraria.com\/en\/wp-json\/wp\/v2\/product_brand?post=64114"},{"taxonomy":"product_cat","embeddable":true,"href":"https:\/\/tecnicalivraria.com\/en\/wp-json\/wp\/v2\/product_cat?post=64114"},{"taxonomy":"product_tag","embeddable":true,"href":"https:\/\/tecnicalivraria.com\/en\/wp-json\/wp\/v2\/product_tag?post=64114"}],"curies":[{"name":"wp","href":"https:\/\/api.w.org\/{rel}","templated":true}]}}