{"id":64120,"date":"2025-01-07T17:34:25","date_gmt":"2025-01-07T17:34:25","guid":{"rendered":"https:\/\/tecnicalivraria.com\/loja\/uncategorized\/os-edificios-fundacao-calouste-gulbenkian\/"},"modified":"2025-01-07T17:34:25","modified_gmt":"2025-01-07T17:34:25","slug":"os-edificios-fundacao-calouste-gulbenkian","status":"publish","type":"product","link":"https:\/\/tecnicalivraria.com\/en\/loja\/architecture\/os-edificios-fundacao-calouste-gulbenkian\/","title":{"rendered":"OS EDIF\u00cdCIOS &#8211; FUNDA\u00c7\u00c3O CALOUSTE GULBENKIAN"},"content":{"rendered":"","protected":false},"excerpt":{"rendered":"<div>\n<p><span><strong>OS EDIF\u00cdCIOS &#8211; FUNDA\u00c7\u00c3O CALOUSTE GULBENKIAN \u2013 <\/strong><span>arquitectos: Ruy Athouguia, Pedro Cid e Alberto Pessoa  &#8211; <\/p>\n<p>autor: ANA TOST\u00d5ES,         <br \/>editora:FUNDA\u00c7\u00c3O CALOUSTE  GULBENKIAN, pre\u00e7o: <\/span><span>27,77\u20ac\u00a0\u00a0\u00a0 <\/span><\/span><\/p>\n<\/div>\n","protected":false},"featured_media":25197,"comment_status":"open","ping_status":"closed","template":"","meta":{"_acf_changed":false},"product_brand":[],"product_cat":[14749],"product_tag":[],"class_list":{"0":"post-64120","1":"product","2":"type-product","3":"status-publish","4":"has-post-thumbnail","6":"product_cat-architecture","8":"first","9":"outofstock","10":"sale","11":"taxable","12":"shipping-taxable","13":"purchasable","14":"product-type-simple"},"acf":[],"_links":{"self":[{"href":"https:\/\/tecnicalivraria.com\/en\/wp-json\/wp\/v2\/product\/64120","targetHints":{"allow":["GET"]}}],"collection":[{"href":"https:\/\/tecnicalivraria.com\/en\/wp-json\/wp\/v2\/product"}],"about":[{"href":"https:\/\/tecnicalivraria.com\/en\/wp-json\/wp\/v2\/types\/product"}],"replies":[{"embeddable":true,"href":"https:\/\/tecnicalivraria.com\/en\/wp-json\/wp\/v2\/comments?post=64120"}],"wp:featuredmedia":[{"embeddable":true,"href":"https:\/\/tecnicalivraria.com\/en\/wp-json\/wp\/v2\/media\/25197"}],"wp:attachment":[{"href":"https:\/\/tecnicalivraria.com\/en\/wp-json\/wp\/v2\/media?parent=64120"}],"wp:term":[{"taxonomy":"product_brand","embeddable":true,"href":"https:\/\/tecnicalivraria.com\/en\/wp-json\/wp\/v2\/product_brand?post=64120"},{"taxonomy":"product_cat","embeddable":true,"href":"https:\/\/tecnicalivraria.com\/en\/wp-json\/wp\/v2\/product_cat?post=64120"},{"taxonomy":"product_tag","embeddable":true,"href":"https:\/\/tecnicalivraria.com\/en\/wp-json\/wp\/v2\/product_tag?post=64120"}],"curies":[{"name":"wp","href":"https:\/\/api.w.org\/{rel}","templated":true}]}}