{"id":64122,"date":"2025-01-07T17:34:22","date_gmt":"2025-01-07T17:34:22","guid":{"rendered":"https:\/\/tecnicalivraria.com\/loja\/uncategorized\/arquitecturas-programa-conceito-materia\/"},"modified":"2025-11-07T12:32:41","modified_gmt":"2025-11-07T12:32:41","slug":"arquitecturas-programa-conceito-materia","status":"publish","type":"product","link":"https:\/\/tecnicalivraria.com\/en\/loja\/architecture\/arquitecturas-programa-conceito-materia\/","title":{"rendered":"ARQUITECTURAS PROGRAMA CONCEITO MAT\u00c9RIA"},"content":{"rendered":"","protected":false},"excerpt":{"rendered":"<div>\n<p><span>ARQUITECTURAS PROGRAMA CONCEITO MAT\u00c9RIA \u2013 arquitectos:  PROMONT\u00d3RIO, JO\u00c3O MENDES RIBEIRO, AIRES MATEUS ASSOCIADOS, ARX PORTUGAL EARQUITECTOS, IN\u00caS LOBO, ENTRE OUTROS, <\/p>\n<p>editor: CALEIDOSC\u00d3PIO,  \u00a0 <\/span><\/p>\n<\/div>\n","protected":false},"featured_media":36857,"comment_status":"open","ping_status":"closed","template":"","meta":{"_acf_changed":false},"product_brand":[],"product_cat":[14749],"product_tag":[],"class_list":{"0":"post-64122","1":"product","2":"type-product","3":"status-publish","4":"has-post-thumbnail","6":"product_cat-architecture","8":"first","9":"outofstock","10":"sale","11":"taxable","12":"shipping-taxable","13":"purchasable","14":"product-type-simple"},"acf":[],"_links":{"self":[{"href":"https:\/\/tecnicalivraria.com\/en\/wp-json\/wp\/v2\/product\/64122","targetHints":{"allow":["GET"]}}],"collection":[{"href":"https:\/\/tecnicalivraria.com\/en\/wp-json\/wp\/v2\/product"}],"about":[{"href":"https:\/\/tecnicalivraria.com\/en\/wp-json\/wp\/v2\/types\/product"}],"replies":[{"embeddable":true,"href":"https:\/\/tecnicalivraria.com\/en\/wp-json\/wp\/v2\/comments?post=64122"}],"wp:featuredmedia":[{"embeddable":true,"href":"https:\/\/tecnicalivraria.com\/en\/wp-json\/wp\/v2\/media\/36857"}],"wp:attachment":[{"href":"https:\/\/tecnicalivraria.com\/en\/wp-json\/wp\/v2\/media?parent=64122"}],"wp:term":[{"taxonomy":"product_brand","embeddable":true,"href":"https:\/\/tecnicalivraria.com\/en\/wp-json\/wp\/v2\/product_brand?post=64122"},{"taxonomy":"product_cat","embeddable":true,"href":"https:\/\/tecnicalivraria.com\/en\/wp-json\/wp\/v2\/product_cat?post=64122"},{"taxonomy":"product_tag","embeddable":true,"href":"https:\/\/tecnicalivraria.com\/en\/wp-json\/wp\/v2\/product_tag?post=64122"}],"curies":[{"name":"wp","href":"https:\/\/api.w.org\/{rel}","templated":true}]}}