{"id":64125,"date":"2025-01-07T17:34:15","date_gmt":"2025-01-07T17:34:15","guid":{"rendered":"https:\/\/tecnicalivraria.com\/loja\/uncategorized\/ritmos-ciclos-comportamientos-la-ceramica-en-arquitectura\/"},"modified":"2025-12-04T21:48:29","modified_gmt":"2025-12-04T21:48:29","slug":"ritmos-ciclos-comportamientos-la-ceramica-en-arquitectura","status":"publish","type":"product","link":"https:\/\/tecnicalivraria.com\/en\/loja\/architecture\/ritmos-ciclos-comportamientos-la-ceramica-en-arquitectura\/","title":{"rendered":"RITMOS, CICLOS, COMPORTAMIENTOS &#8211; LA CERAMICA EN ARQUITECTURA"},"content":{"rendered":"","protected":false},"excerpt":{"rendered":"<div>\n<p><span><strong>RITMOS, CICLOS, COMPORTAMIENTOS &#8211; LA CERAMICA EN ARQUITECTURA \u2013 <\/strong><span>arquitectos: OAB, OFFICE OF ARCHITECTURE IN BARCELONA, CARLOS FERRATER, RENZO PIANO BUILDING, FLETCHER PRIEST ARCHITECTS, FRANCISCO MANGADO, KAZUYO SEJIMA &amp; ASSOCIATES + TAISEI CORPORATION, SAUERBRUCH HUTTON, NIETO SOBEJANO ARQUITECTOS, BACH ARQUITECTES, MANEO BROCK STUDIO, BASILIO TOB\u00cdAS PINTRE, BATLLE I ROIG ARQUITECTS, RAFAEL BENEYTEZ DUR\u00c1N, PEDRO LAFUENTE LLES, ENRIQUE FERN\u00c1NDEZ-VIVANCOS, LARA LLOP FONT, PAREDES PEDROSA ARQUITECTOS, LUIS BRETON BELLOSO \u2013 JAIME LEGIDO GARCIA\/ARX ARQUITECTOS, J.M. OTXOTORENA ELIZEGI, M. GONZ\u00c1LEZ PRESENCIO, L. TENA N\u00da\u00d1EZ, TABUENCA &amp; LEACHE ARQUITECTOS, RUIZ-LARREA &amp; ASSOCIADOS, JAVIER PE\u00d1A CALIANO, ONZE04 ARQUITECTES, ESTUDIO, ENTRESITIO, LAGULA ARQUITECTES, KOKO3, EQUIPO SARRABLO, GGLAB, M\u00c0RIUS QUINTANA, FRANCESC RIF\u00c9, CULDESAC, LAGRANJA DESIGN, SOL LEWITT, <\/p>\n<p>editora: ACTAR,  \u00a0 \u00a0\u00a0  <\/span><\/span><\/p>\n<\/div>\n","protected":false},"featured_media":28910,"comment_status":"open","ping_status":"closed","template":"","meta":{"_acf_changed":false},"product_brand":[],"product_cat":[14749],"product_tag":[],"class_list":{"0":"post-64125","1":"product","2":"type-product","3":"status-publish","4":"has-post-thumbnail","6":"product_cat-architecture","8":"first","9":"instock","10":"sale","11":"taxable","12":"shipping-taxable","13":"purchasable","14":"product-type-simple"},"acf":[],"_links":{"self":[{"href":"https:\/\/tecnicalivraria.com\/en\/wp-json\/wp\/v2\/product\/64125","targetHints":{"allow":["GET"]}}],"collection":[{"href":"https:\/\/tecnicalivraria.com\/en\/wp-json\/wp\/v2\/product"}],"about":[{"href":"https:\/\/tecnicalivraria.com\/en\/wp-json\/wp\/v2\/types\/product"}],"replies":[{"embeddable":true,"href":"https:\/\/tecnicalivraria.com\/en\/wp-json\/wp\/v2\/comments?post=64125"}],"wp:featuredmedia":[{"embeddable":true,"href":"https:\/\/tecnicalivraria.com\/en\/wp-json\/wp\/v2\/media\/28910"}],"wp:attachment":[{"href":"https:\/\/tecnicalivraria.com\/en\/wp-json\/wp\/v2\/media?parent=64125"}],"wp:term":[{"taxonomy":"product_brand","embeddable":true,"href":"https:\/\/tecnicalivraria.com\/en\/wp-json\/wp\/v2\/product_brand?post=64125"},{"taxonomy":"product_cat","embeddable":true,"href":"https:\/\/tecnicalivraria.com\/en\/wp-json\/wp\/v2\/product_cat?post=64125"},{"taxonomy":"product_tag","embeddable":true,"href":"https:\/\/tecnicalivraria.com\/en\/wp-json\/wp\/v2\/product_tag?post=64125"}],"curies":[{"name":"wp","href":"https:\/\/api.w.org\/{rel}","templated":true}]}}