{"id":64127,"date":"2025-01-07T17:34:13","date_gmt":"2025-01-07T17:34:13","guid":{"rendered":"https:\/\/tecnicalivraria.com\/loja\/uncategorized\/do-habitar\/"},"modified":"2025-12-04T21:48:28","modified_gmt":"2025-12-04T21:48:28","slug":"do-habitar","status":"publish","type":"product","link":"https:\/\/tecnicalivraria.com\/en\/loja\/architecture\/do-habitar\/","title":{"rendered":"DO HABITAR"},"content":{"rendered":"","protected":false},"excerpt":{"rendered":"<div>\n<p><span><strong>DO HABITAR \u2013 <\/strong><span>arquitectos: NUNO GRANDE, AIRES MATEUS &amp; ASSOCIADOS, ANT\u00d3NIO PORTUGAL &amp;MANUEL MARIA REIS, NUNO VALENTIM, MARIA MILANO &amp;FREDERICO D&#8217;E\u00c7A, ATELIER DO CORVO, BARBOSA &amp; GUIMAR\u00c3ES ARQUITECTOS, CL\u00c1UDIA ALBINO &amp; JO\u00c3O CARDIELOS, IN\u00caS LOBO &amp; JO\u00c3O BELO RODEIA, ISABEL FURTADO &amp; JO\u00c3O PEDRO SER\u00d4DIO, JO\u00c3O MENDES RIBEIRO, CRISTINA GUEDES &amp; JOS\u00c9 GON\u00c7ALVES, LABASTIDA&amp;MAIA, NUNO BRAND\u00c3O COSTA, PAULA SANTOS, PEDRO DOMINGOS, PEDRO RESENDE LE\u00c3O &amp; MIGUEL CARRAPA, PEDRO MAUR\u00cdCIO BORGES, esditor: ESAD \u2013 ESCOLA SUPERIOR DE ARTES E DESIGN,  \u00a0 \u00a0 <\/span><\/span><\/p>\n<\/div>\n","protected":false},"featured_media":28946,"comment_status":"open","ping_status":"closed","template":"","meta":{"_acf_changed":false},"product_brand":[],"product_cat":[14749],"product_tag":[],"class_list":{"0":"post-64127","1":"product","2":"type-product","3":"status-publish","4":"has-post-thumbnail","6":"product_cat-architecture","8":"first","9":"instock","10":"sale","11":"taxable","12":"shipping-taxable","13":"purchasable","14":"product-type-simple"},"acf":[],"_links":{"self":[{"href":"https:\/\/tecnicalivraria.com\/en\/wp-json\/wp\/v2\/product\/64127","targetHints":{"allow":["GET"]}}],"collection":[{"href":"https:\/\/tecnicalivraria.com\/en\/wp-json\/wp\/v2\/product"}],"about":[{"href":"https:\/\/tecnicalivraria.com\/en\/wp-json\/wp\/v2\/types\/product"}],"replies":[{"embeddable":true,"href":"https:\/\/tecnicalivraria.com\/en\/wp-json\/wp\/v2\/comments?post=64127"}],"wp:featuredmedia":[{"embeddable":true,"href":"https:\/\/tecnicalivraria.com\/en\/wp-json\/wp\/v2\/media\/28946"}],"wp:attachment":[{"href":"https:\/\/tecnicalivraria.com\/en\/wp-json\/wp\/v2\/media?parent=64127"}],"wp:term":[{"taxonomy":"product_brand","embeddable":true,"href":"https:\/\/tecnicalivraria.com\/en\/wp-json\/wp\/v2\/product_brand?post=64127"},{"taxonomy":"product_cat","embeddable":true,"href":"https:\/\/tecnicalivraria.com\/en\/wp-json\/wp\/v2\/product_cat?post=64127"},{"taxonomy":"product_tag","embeddable":true,"href":"https:\/\/tecnicalivraria.com\/en\/wp-json\/wp\/v2\/product_tag?post=64127"}],"curies":[{"name":"wp","href":"https:\/\/api.w.org\/{rel}","templated":true}]}}