{"id":64130,"date":"2025-01-07T17:34:10","date_gmt":"2025-01-07T17:34:10","guid":{"rendered":"https:\/\/tecnicalivraria.com\/loja\/uncategorized\/musac-el-edificio\/"},"modified":"2026-03-18T12:26:09","modified_gmt":"2026-03-18T12:26:09","slug":"musac-el-edificio","status":"publish","type":"product","link":"https:\/\/tecnicalivraria.com\/en\/loja\/architecture\/musac-el-edificio\/","title":{"rendered":"MUSAC \u2013 EL EDIFICIO"},"content":{"rendered":"","protected":false},"excerpt":{"rendered":"<div>\n<p><strong>MUSAC \u2013 EL EDIFICIO \u2013 <\/strong>arquitectos: MANSILLA + TU\u00d1\u00d3N ARQUITECTOS, SERGIO BELINCH\u00d3N, \u00c1NGEL MARCOS, CONCHA P\u00c9REZ, RAFAEL SEND\u00cdN,<\/p>\n<p>&nbsp;<\/p>\n<\/div>\n","protected":false},"featured_media":35424,"comment_status":"open","ping_status":"closed","template":"","meta":{"_acf_changed":false},"product_brand":[],"product_cat":[14749],"product_tag":[14751],"class_list":{"0":"post-64130","1":"product","2":"type-product","3":"status-publish","4":"has-post-thumbnail","6":"product_cat-architecture","7":"product_tag-consulta-sem-preco-todos","9":"first","10":"instock","11":"sale","12":"taxable","13":"shipping-taxable","14":"product-type-simple"},"acf":[],"_links":{"self":[{"href":"https:\/\/tecnicalivraria.com\/en\/wp-json\/wp\/v2\/product\/64130","targetHints":{"allow":["GET"]}}],"collection":[{"href":"https:\/\/tecnicalivraria.com\/en\/wp-json\/wp\/v2\/product"}],"about":[{"href":"https:\/\/tecnicalivraria.com\/en\/wp-json\/wp\/v2\/types\/product"}],"replies":[{"embeddable":true,"href":"https:\/\/tecnicalivraria.com\/en\/wp-json\/wp\/v2\/comments?post=64130"}],"wp:featuredmedia":[{"embeddable":true,"href":"https:\/\/tecnicalivraria.com\/en\/wp-json\/wp\/v2\/media\/35424"}],"wp:attachment":[{"href":"https:\/\/tecnicalivraria.com\/en\/wp-json\/wp\/v2\/media?parent=64130"}],"wp:term":[{"taxonomy":"product_brand","embeddable":true,"href":"https:\/\/tecnicalivraria.com\/en\/wp-json\/wp\/v2\/product_brand?post=64130"},{"taxonomy":"product_cat","embeddable":true,"href":"https:\/\/tecnicalivraria.com\/en\/wp-json\/wp\/v2\/product_cat?post=64130"},{"taxonomy":"product_tag","embeddable":true,"href":"https:\/\/tecnicalivraria.com\/en\/wp-json\/wp\/v2\/product_tag?post=64130"}],"curies":[{"name":"wp","href":"https:\/\/api.w.org\/{rel}","templated":true}]}}