{"id":64191,"date":"2025-05-07T17:30:16","date_gmt":"2025-05-07T17:30:16","guid":{"rendered":"https:\/\/tecnicalivraria.com\/loja\/uncategorized\/o-principio-de-uma-revolucao-urbanistica-no-estado-novo-os-primeiros-programas-da-cidade-universitaria-de-coimbra-1934-1940-nuno-rosmaninho\/"},"modified":"2025-12-04T21:40:35","modified_gmt":"2025-12-04T21:40:35","slug":"o-principio-de-uma-revolucao-urbanistica-no-estado-novo-os-primeiros-programas-da-cidade-universitaria-de-coimbra-1934-1940-nuno-rosmaninho","status":"publish","type":"product","link":"https:\/\/tecnicalivraria.com\/en\/loja\/urbanism-landscape\/o-principio-de-uma-revolucao-urbanistica-no-estado-novo-os-primeiros-programas-da-cidade-universitaria-de-coimbra-1934-1940-nuno-rosmaninho\/","title":{"rendered":"O PRINC\u00cdPIO DE UMA &#8220;REVOLU\u00c7\u00c3O URBAN\u00cdSTICA&#8221; NO ESTADO NOVO \u2013 OS PRIMEIROS PROGRAMAS DA CIDADE UNIVERSIT\u00c1RIA DE COIMBRA (1934-1940) &#8211; NUNO ROSMANINHO"},"content":{"rendered":"","protected":false},"excerpt":{"rendered":"<div>\n<p><span><span><span><span><strong><span>O PRINC\u00cdPIO DE UMA &#8220;REVOLU\u00c7\u00c3O URBAN\u00cdSTICA&#8221; NO ESTADO NOVO \u2013 OS PRIMEIROS PROGRAMAS DA CIDADE UNIVERSIT\u00c1RIA DE COIMBRA (1934-1940) &#8211; NUNO ROSMANINHO <\/span><\/strong><\/span><\/span><span><span><span><span>\u2013 <\/p>\n<p>EDITORA: MINERVA\tISBN: <\/span><\/span><\/span><\/span><span><span><strong><span>0019000074878<\/span><\/strong><\/span><\/span><span><span><span><span> <\/span><\/span><\/span><\/span><\/span><\/span><\/p>\n<p><span><span><span><span><span><span> \u00a0\u00a0\u00a0\u00a0\u00a0\u00a0\u00a0\u00a0\u00a0<strong> <\/strong><\/span><\/span><\/span><\/span><\/span><\/span><\/p>\n<\/div>\n","protected":false},"featured_media":36432,"comment_status":"open","ping_status":"closed","template":"","meta":{"_acf_changed":false},"product_brand":[],"product_cat":[14761],"product_tag":[],"class_list":{"0":"post-64191","1":"product","2":"type-product","3":"status-publish","4":"has-post-thumbnail","6":"product_cat-urbanism-landscape","8":"first","9":"instock","10":"sale","11":"taxable","12":"shipping-taxable","13":"purchasable","14":"product-type-simple"},"acf":[],"_links":{"self":[{"href":"https:\/\/tecnicalivraria.com\/en\/wp-json\/wp\/v2\/product\/64191","targetHints":{"allow":["GET"]}}],"collection":[{"href":"https:\/\/tecnicalivraria.com\/en\/wp-json\/wp\/v2\/product"}],"about":[{"href":"https:\/\/tecnicalivraria.com\/en\/wp-json\/wp\/v2\/types\/product"}],"replies":[{"embeddable":true,"href":"https:\/\/tecnicalivraria.com\/en\/wp-json\/wp\/v2\/comments?post=64191"}],"wp:featuredmedia":[{"embeddable":true,"href":"https:\/\/tecnicalivraria.com\/en\/wp-json\/wp\/v2\/media\/36432"}],"wp:attachment":[{"href":"https:\/\/tecnicalivraria.com\/en\/wp-json\/wp\/v2\/media?parent=64191"}],"wp:term":[{"taxonomy":"product_brand","embeddable":true,"href":"https:\/\/tecnicalivraria.com\/en\/wp-json\/wp\/v2\/product_brand?post=64191"},{"taxonomy":"product_cat","embeddable":true,"href":"https:\/\/tecnicalivraria.com\/en\/wp-json\/wp\/v2\/product_cat?post=64191"},{"taxonomy":"product_tag","embeddable":true,"href":"https:\/\/tecnicalivraria.com\/en\/wp-json\/wp\/v2\/product_tag?post=64191"}],"curies":[{"name":"wp","href":"https:\/\/api.w.org\/{rel}","templated":true}]}}