{"id":64203,"date":"2020-05-07T17:30:08","date_gmt":"2020-05-07T17:30:08","guid":{"rendered":"https:\/\/tecnicalivraria.com\/loja\/uncategorized\/alvar-aalto-projectos\/"},"modified":"2025-12-11T18:44:35","modified_gmt":"2025-12-11T18:44:35","slug":"alvar-aalto-projectos","status":"publish","type":"product","link":"https:\/\/tecnicalivraria.com\/en\/loja\/architecture\/alvar-aalto-projectos\/","title":{"rendered":"ALVAR AALTO &#8211; PROJECTOS"},"content":{"rendered":"","protected":false},"excerpt":{"rendered":"<div>\n<p>ALVAR AALTO \u2013 1\u00aa EDI\u00c7\u00c3O, LIVRO DE COLEC\u00c7\u00c3O \u2013<\/p>\n<p>AUTOR: KARL FEIG<br \/>\nEDITORA: MARTINS FONTES ISBN:9788533614543 PRE\u00c7O: 49\u20ac<\/p>\n<\/div>\n","protected":false},"featured_media":31775,"comment_status":"open","ping_status":"closed","template":"","meta":{"_acf_changed":false},"product_brand":[],"product_cat":[14749],"product_tag":[14751],"class_list":{"0":"post-64203","1":"product","2":"type-product","3":"status-publish","4":"has-post-thumbnail","6":"product_cat-architecture","7":"product_tag-consulta-sem-preco-todos","9":"first","10":"instock","11":"taxable","12":"shipping-taxable","13":"product-type-simple"},"acf":[],"_links":{"self":[{"href":"https:\/\/tecnicalivraria.com\/en\/wp-json\/wp\/v2\/product\/64203","targetHints":{"allow":["GET"]}}],"collection":[{"href":"https:\/\/tecnicalivraria.com\/en\/wp-json\/wp\/v2\/product"}],"about":[{"href":"https:\/\/tecnicalivraria.com\/en\/wp-json\/wp\/v2\/types\/product"}],"replies":[{"embeddable":true,"href":"https:\/\/tecnicalivraria.com\/en\/wp-json\/wp\/v2\/comments?post=64203"}],"wp:featuredmedia":[{"embeddable":true,"href":"https:\/\/tecnicalivraria.com\/en\/wp-json\/wp\/v2\/media\/31775"}],"wp:attachment":[{"href":"https:\/\/tecnicalivraria.com\/en\/wp-json\/wp\/v2\/media?parent=64203"}],"wp:term":[{"taxonomy":"product_brand","embeddable":true,"href":"https:\/\/tecnicalivraria.com\/en\/wp-json\/wp\/v2\/product_brand?post=64203"},{"taxonomy":"product_cat","embeddable":true,"href":"https:\/\/tecnicalivraria.com\/en\/wp-json\/wp\/v2\/product_cat?post=64203"},{"taxonomy":"product_tag","embeddable":true,"href":"https:\/\/tecnicalivraria.com\/en\/wp-json\/wp\/v2\/product_tag?post=64203"}],"curies":[{"name":"wp","href":"https:\/\/api.w.org\/{rel}","templated":true}]}}