{"id":64211,"date":"2025-05-07T17:30:05","date_gmt":"2025-05-07T17:30:05","guid":{"rendered":"https:\/\/tecnicalivraria.com\/loja\/uncategorized\/dicionario-visual-de-arquitectura-edicao-2010\/"},"modified":"2025-05-07T17:30:05","modified_gmt":"2025-05-07T17:30:05","slug":"dicionario-visual-de-arquitectura-edicao-2010","status":"publish","type":"product","link":"https:\/\/tecnicalivraria.com\/en\/loja\/architecture\/dicionario-visual-de-arquitectura-edicao-2010\/","title":{"rendered":"DICION\u00c1RIO VISUAL DE ARQUITECTURA   edi\u00e7\u00e3o 2010"},"content":{"rendered":"","protected":false},"excerpt":{"rendered":"<div>\n<p><strong><span><span>DICION\u00c1RIO VISUAL DE ARQUITECTURA   edi\u00e7\u00e3o 2010 <\/p>\n<p>AUTOR: FRANCIS D. K. CHING   <br \/>EDITORA: MARTINS FONTES   NOSSOS PRE\u00c7OS:  EDI\u00c7\u00c3O 1996 48,00\u20ac    EDI\u00c7\u00c3O 2010   54,38\u20ac<\/span><\/span><\/strong><\/p>\n<\/div>\n","protected":false},"featured_media":30914,"comment_status":"open","ping_status":"closed","template":"","meta":{"_acf_changed":false},"product_brand":[],"product_cat":[14749],"product_tag":[],"class_list":{"0":"post-64211","1":"product","2":"type-product","3":"status-publish","4":"has-post-thumbnail","6":"product_cat-architecture","8":"first","9":"outofstock","10":"sale","11":"taxable","12":"shipping-taxable","13":"purchasable","14":"product-type-simple"},"acf":[],"_links":{"self":[{"href":"https:\/\/tecnicalivraria.com\/en\/wp-json\/wp\/v2\/product\/64211","targetHints":{"allow":["GET"]}}],"collection":[{"href":"https:\/\/tecnicalivraria.com\/en\/wp-json\/wp\/v2\/product"}],"about":[{"href":"https:\/\/tecnicalivraria.com\/en\/wp-json\/wp\/v2\/types\/product"}],"replies":[{"embeddable":true,"href":"https:\/\/tecnicalivraria.com\/en\/wp-json\/wp\/v2\/comments?post=64211"}],"wp:featuredmedia":[{"embeddable":true,"href":"https:\/\/tecnicalivraria.com\/en\/wp-json\/wp\/v2\/media\/30914"}],"wp:attachment":[{"href":"https:\/\/tecnicalivraria.com\/en\/wp-json\/wp\/v2\/media?parent=64211"}],"wp:term":[{"taxonomy":"product_brand","embeddable":true,"href":"https:\/\/tecnicalivraria.com\/en\/wp-json\/wp\/v2\/product_brand?post=64211"},{"taxonomy":"product_cat","embeddable":true,"href":"https:\/\/tecnicalivraria.com\/en\/wp-json\/wp\/v2\/product_cat?post=64211"},{"taxonomy":"product_tag","embeddable":true,"href":"https:\/\/tecnicalivraria.com\/en\/wp-json\/wp\/v2\/product_tag?post=64211"}],"curies":[{"name":"wp","href":"https:\/\/api.w.org\/{rel}","templated":true}]}}